 {"id":27713,"date":"2024-02-21T07:05:43","date_gmt":"2024-02-21T06:05:43","guid":{"rendered":"https:\/\/greendisc.dev-project.digital\/\/komplette-hps-leuchten\/"},"modified":"2025-02-28T17:49:26","modified_gmt":"2025-02-28T16:49:26","slug":"komplette-hps-leuchten","status":"publish","type":"page","link":"https:\/\/greendisc.dev-project.digital\/de\/komplette-hps-leuchten\/","title":{"rendered":"Komplette HPS-Leuchten"},"content":{"rendered":"\t\t<div data-elementor-type=\"wp-page\" data-elementor-id=\"27713\" class=\"elementor elementor-27713 elementor-21969\">\n\t\t\t\t<div class=\"wd-negative-gap elementor-element elementor-element-5e48c666 e-flex e-con-boxed e-con e-parent\" data-id=\"5e48c666\" data-element_type=\"container\">\n\t\t\t\t\t<div class=\"e-con-inner\">\n\t\t\t\t<div class=\"elementor-element elementor-element-3f300ecc color-scheme-inherit text-left elementor-widget elementor-widget-text-editor\" data-id=\"3f300ecc\" data-element_type=\"widget\" data-widget_type=\"text-editor.default\">\n\t\t\t\t<div class=\"elementor-widget-container\">\n\t\t\t\t\t\t\t\t\t<p>Entdecken Sie unsere hochwertigen HPS-Leuchten f\u00fcr den Pflanzenanbau. Diese leistungsstarke Beleuchtung ist ideal f\u00fcr Hobbyg\u00e4rtner und professionelle Z\u00fcchter und bietet ein optimales Lichtspektrum f\u00fcr gesundes Wachstum und Bl\u00fcte. Unsere Kollektion umfasst verschiedene Marken und Modelle, die einfach zu installieren sind und Energieeffizienz mit hervorragender Lichtleistung kombinieren. Steigern Sie Ihren Ertrag und verbessern Sie die Qualit\u00e4t Ihrer Pflanzen mit unseren HPS-Leuchten.<\/p>\t\t\t\t\t\t\t\t<\/div>\n\t\t\t\t<\/div>\n\t\t\t\t\t<\/div>\n\t\t\t\t<\/div>\n\t\t\t\t<section class=\"wd-negative-gap elementor-section elementor-top-section elementor-element elementor-element-6b1adba7 elementor-section-full_width elementor-section-height-default elementor-section-height-default\" data-id=\"6b1adba7\" data-element_type=\"section\" data-settings=\"{&quot;background_background&quot;:&quot;classic&quot;}\">\n\t\t\t\t\t\t<div class=\"elementor-container elementor-column-gap-default\">\n\t\t\t\t\t<div class=\"elementor-column elementor-col-100 elementor-top-column elementor-element elementor-element-f0b1a46\" data-id=\"f0b1a46\" data-element_type=\"column\">\n\t\t\t<div class=\"elementor-widget-wrap elementor-element-populated\">\n\t\t\t\t<div class=\"wd-negative-gap elementor-element elementor-element-597c56b8 e-flex e-con-boxed e-con e-parent\" data-id=\"597c56b8\" data-element_type=\"container\">\n\t\t\t\t\t<div class=\"e-con-inner\">\n\t\t<div class=\"elementor-element elementor-element-77302bda e-con-full e-flex e-con e-child\" data-id=\"77302bda\" data-element_type=\"container\">\n\t\t\t\t<div class=\"elementor-element elementor-element-40a1fc70 catobx elementor-position-top elementor-widget elementor-widget-image-box\" data-id=\"40a1fc70\" data-element_type=\"widget\" data-widget_type=\"image-box.default\">\n\t\t\t\t<div class=\"elementor-widget-container\">\n\t\t\t\t\t<div class=\"elementor-image-box-wrapper\"><figure class=\"elementor-image-box-img\"><a href=\"https:\/\/greendisc.dev-project.digital\/de\/produkt-kategorie\/beleuchtung\/komplette-hps-leuchten\/ocl-leuchten\/\" tabindex=\"-1\"><img decoding=\"async\" width=\"200\" height=\"200\" src=\"https:\/\/greendisc.dev-project.digital\/wp-content\/uploads\/2024\/09\/OCL-600W-X-SERIES-208-240V-diagonal3-1200x628-1-430x225-1.jpg\" class=\"attachment-full size-full wp-image-31544\" alt=\"\" srcset=\"https:\/\/greendisc.dev-project.digital\/wp-content\/uploads\/2024\/09\/OCL-600W-X-SERIES-208-240V-diagonal3-1200x628-1-430x225-1.jpg 200w, https:\/\/greendisc.dev-project.digital\/wp-content\/uploads\/2024\/09\/OCL-600W-X-SERIES-208-240V-diagonal3-1200x628-1-430x225-1-150x150.jpg 150w\" sizes=\"(max-width: 200px) 100vw, 200px\" \/><\/a><\/figure><div class=\"elementor-image-box-content\"><h3 class=\"elementor-image-box-title\"><a href=\"https:\/\/greendisc.dev-project.digital\/de\/produkt-kategorie\/beleuchtung\/komplette-hps-leuchten\/ocl-leuchten\/\">OCL-Leuchten<\/a><\/h3><\/div><\/div>\t\t\t\t<\/div>\n\t\t\t\t<\/div>\n\t\t\t\t<\/div>\n\t\t<div class=\"elementor-element elementor-element-6ed7c229 e-con-full e-flex e-con e-child\" data-id=\"6ed7c229\" data-element_type=\"container\">\n\t\t\t\t<div class=\"elementor-element elementor-element-a83f9bf catobx elementor-position-top elementor-widget elementor-widget-image-box\" data-id=\"a83f9bf\" data-element_type=\"widget\" data-widget_type=\"image-box.default\">\n\t\t\t\t<div class=\"elementor-widget-container\">\n\t\t\t\t\t<div class=\"elementor-image-box-wrapper\"><figure class=\"elementor-image-box-img\"><a href=\"https:\/\/greendisc.dev-project.digital\/de\/produkt-kategorie\/beleuchtung\/komplette-hps-leuchten\/dimlux-lampe\/\" tabindex=\"-1\"><img decoding=\"async\" width=\"200\" height=\"200\" src=\"https:\/\/greendisc.dev-project.digital\/wp-content\/uploads\/2024\/11\/Dimlux_armaturen.jpg\" class=\"attachment-full size-full wp-image-32776\" alt=\"\" srcset=\"https:\/\/greendisc.dev-project.digital\/wp-content\/uploads\/2024\/11\/Dimlux_armaturen.jpg 200w, https:\/\/greendisc.dev-project.digital\/wp-content\/uploads\/2024\/11\/Dimlux_armaturen-150x150.jpg 150w\" sizes=\"(max-width: 200px) 100vw, 200px\" \/><\/a><\/figure><div class=\"elementor-image-box-content\"><h3 class=\"elementor-image-box-title\"><a href=\"https:\/\/greendisc.dev-project.digital\/de\/produkt-kategorie\/beleuchtung\/komplette-hps-leuchten\/dimlux-lampe\/\">Dimlux Beleuchtungsk\u00f6rper<\/a><\/h3><\/div><\/div>\t\t\t\t<\/div>\n\t\t\t\t<\/div>\n\t\t\t\t<\/div>\n\t\t<div class=\"elementor-element elementor-element-1a53e04 e-con-full e-flex e-con e-child\" data-id=\"1a53e04\" data-element_type=\"container\">\n\t\t\t\t<div class=\"elementor-element elementor-element-2be3f84f catobx elementor-position-top elementor-widget elementor-widget-image-box\" data-id=\"2be3f84f\" data-element_type=\"widget\" data-widget_type=\"image-box.default\">\n\t\t\t\t<div class=\"elementor-widget-container\">\n\t\t\t\t\t<div class=\"elementor-image-box-wrapper\"><figure class=\"elementor-image-box-img\"><a href=\"https:\/\/greendisc.dev-project.digital\/de\/produkt-kategorie\/beleuchtung\/komplette-hps-leuchten\/lumenking-lampe\/\" tabindex=\"-1\"><img decoding=\"async\" width=\"200\" height=\"200\" src=\"https:\/\/greendisc.dev-project.digital\/wp-content\/uploads\/2024\/11\/LumenKing_armaturen.jpg\" class=\"attachment-full size-full wp-image-32770\" alt=\"\" srcset=\"https:\/\/greendisc.dev-project.digital\/wp-content\/uploads\/2024\/11\/LumenKing_armaturen.jpg 200w, https:\/\/greendisc.dev-project.digital\/wp-content\/uploads\/2024\/11\/LumenKing_armaturen-150x150.jpg 150w\" sizes=\"(max-width: 200px) 100vw, 200px\" \/><\/a><\/figure><div class=\"elementor-image-box-content\"><h3 class=\"elementor-image-box-title\"><a href=\"https:\/\/greendisc.dev-project.digital\/de\/produkt-kategorie\/beleuchtung\/komplette-hps-leuchten\/lumenking-lampe\/\">Lumenking Beleuchtungsk\u00f6rper<\/a><\/h3><\/div><\/div>\t\t\t\t<\/div>\n\t\t\t\t<\/div>\n\t\t\t\t<\/div>\n\t\t<div class=\"elementor-element elementor-element-5ead4723 e-con-full e-flex e-con e-child\" data-id=\"5ead4723\" data-element_type=\"container\">\n\t\t\t\t<div class=\"elementor-element elementor-element-4b81d778 catobx elementor-position-top elementor-widget elementor-widget-image-box\" data-id=\"4b81d778\" data-element_type=\"widget\" data-widget_type=\"image-box.default\">\n\t\t\t\t<div class=\"elementor-widget-container\">\n\t\t\t\t\t<div class=\"elementor-image-box-wrapper\"><figure class=\"elementor-image-box-img\"><a href=\"https:\/\/greendisc.dev-project.digital\/de\/produkt-kategorie\/beleuchtung\/komplette-hps-leuchten\/gavita-lampe\/\" tabindex=\"-1\"><img loading=\"lazy\" decoding=\"async\" width=\"200\" height=\"200\" src=\"https:\/\/greendisc.dev-project.digital\/wp-content\/uploads\/2024\/11\/Gavita_armaturen.jpg\" class=\"attachment-full size-full wp-image-32764\" alt=\"\" srcset=\"https:\/\/greendisc.dev-project.digital\/wp-content\/uploads\/2024\/11\/Gavita_armaturen.jpg 200w, https:\/\/greendisc.dev-project.digital\/wp-content\/uploads\/2024\/11\/Gavita_armaturen-150x150.jpg 150w\" sizes=\"(max-width: 200px) 100vw, 200px\" \/><\/a><\/figure><div class=\"elementor-image-box-content\"><h3 class=\"elementor-image-box-title\"><a href=\"https:\/\/greendisc.dev-project.digital\/de\/produkt-kategorie\/beleuchtung\/komplette-hps-leuchten\/gavita-lampe\/\">Gavita Beleuchtungsk\u00f6rper<\/a><\/h3><\/div><\/div>\t\t\t\t<\/div>\n\t\t\t\t<\/div>\n\t\t\t\t<\/div>\n\t\t\t\t\t<\/div>\n\t\t\t\t<\/div>\n\t\t\t\t\t<\/div>\n\t\t<\/div>\n\t\t\t\t\t<\/div>\n\t\t<\/section>\n\t\t<div class=\"wd-negative-gap elementor-element elementor-element-b104346 e-flex e-con-boxed e-con e-parent\" data-id=\"b104346\" data-element_type=\"container\">\n\t\t\t\t\t<div class=\"e-con-inner\">\n\t\t\t\t<div class=\"elementor-element elementor-element-ddc5811 color-scheme-inherit text-left elementor-widget elementor-widget-text-editor\" data-id=\"ddc5811\" data-element_type=\"widget\" data-widget_type=\"text-editor.default\">\n\t\t\t\t<div class=\"elementor-widget-container\">\n\t\t\t\t\t\t\t\t\t<p>Unsere Kollektion von HPS-Komplettger\u00e4ten ist die perfekte L\u00f6sung f\u00fcr professionelle Z\u00fcchter und Hobbyz\u00fcchter. Diese Ger\u00e4te sind so konzipiert, dass sie einfach zu installieren und zu verwenden sind, mit einem &#8222;Plug-and-Play&#8220;-Design, das es Ihnen erm\u00f6glicht, schnell und effizient mit dem Wachstum zu beginnen. Unsere Leuchten werden aus hochwertigen Materialien hergestellt und sind f\u00fcr eine lange Lebensdauer ausgelegt.<br \/>Unsere HPS-Scheinwerfer sind speziell auf die Bed\u00fcrfnisse von Pflanzen in der Bl\u00fctephase zugeschnitten, so dass Sie mit hohen Ertr\u00e4gen rechnen k\u00f6nnen. Die Leuchten sind energieeffizient und sparen so Ihre Energiekosten. Viele unserer Modelle sind auch dimmbar, so dass Sie die Lichtmenge an die spezifischen Bed\u00fcrfnisse Ihrer Pflanzen anpassen k\u00f6nnen.<br \/>Unsere HPS-Komplettleuchten bieten Ihnen die Flexibilit\u00e4t, Ihre Wachstumsumgebung nach Ihren W\u00fcnschen zu gestalten. Die Leuchten sind in verschiedenen Gr\u00f6\u00dfen und Wattst\u00e4rken erh\u00e4ltlich, so dass Sie immer eine Leuchte w\u00e4hlen k\u00f6nnen, die Ihren speziellen Anforderungen entspricht. Unsere Leuchten sind einfach zu installieren und zu warten.<br \/>Unsere HPS-Leuchten sind perfekt f\u00fcr den Anbau verschiedener Pflanzenarten, von Obst und Gem\u00fcse bis hin zu Heilkr\u00e4utern und Cannabis. Mit unseren HPS-Scheinwerfern k\u00f6nnen Sie eine gesunde und produktive Ernte sicherstellen. Unser Kundenservice hilft Ihnen gerne bei der Auswahl der richtigen Leuchte f\u00fcr Ihre wachsende Umgebung. Bestellen Sie noch heute und \u00fcberzeugen Sie sich selbst von den Vorteilen unserer HPS-Komplettleuchten, einschlie\u00dflich der Flexibilit\u00e4t der dimmbaren Modelle.<\/p>\n\t\t\t\t\t\t\t\t<\/div>\n\t\t\t\t<\/div>\n\t\t\t\t\t<\/div>\n\t\t\t\t<\/div>\n\t\t\t\t<\/div>\n\t\t","protected":false},"excerpt":{"rendered":"<p>Entdecken Sie unsere hochwertigen HPS-Leuchten f\u00fcr den Pflanzenanbau. Diese leistungsstarke Beleuchtung ist ideal f\u00fcr Hobbyg\u00e4rtner und professionelle Z\u00fcchter und bietet<\/p>\n","protected":false},"author":1,"featured_media":0,"parent":0,"menu_order":0,"comment_status":"closed","ping_status":"closed","template":"","meta":{"footnotes":""},"class_list":["post-27713","page","type-page","status-publish","hentry"],"_links":{"self":[{"href":"https:\/\/greendisc.dev-project.digital\/de\/wp-json\/wp\/v2\/pages\/27713","targetHints":{"allow":["GET"]}}],"collection":[{"href":"https:\/\/greendisc.dev-project.digital\/de\/wp-json\/wp\/v2\/pages"}],"about":[{"href":"https:\/\/greendisc.dev-project.digital\/de\/wp-json\/wp\/v2\/types\/page"}],"author":[{"embeddable":true,"href":"https:\/\/greendisc.dev-project.digital\/de\/wp-json\/wp\/v2\/users\/1"}],"replies":[{"embeddable":true,"href":"https:\/\/greendisc.dev-project.digital\/de\/wp-json\/wp\/v2\/comments?post=27713"}],"version-history":[{"count":0,"href":"https:\/\/greendisc.dev-project.digital\/de\/wp-json\/wp\/v2\/pages\/27713\/revisions"}],"wp:attachment":[{"href":"https:\/\/greendisc.dev-project.digital\/de\/wp-json\/wp\/v2\/media?parent=27713"}],"curies":[{"name":"wp","href":"https:\/\/api.w.org\/{rel}","templated":true}]}}