 {"id":27703,"date":"2024-02-21T07:25:08","date_gmt":"2024-02-21T06:25:08","guid":{"rendered":"https:\/\/greendisc.dev-project.digital\/\/led-leuchten\/"},"modified":"2025-03-25T05:42:08","modified_gmt":"2025-03-25T04:42:08","slug":"led-leuchten","status":"publish","type":"page","link":"https:\/\/greendisc.dev-project.digital\/de\/led-leuchten\/","title":{"rendered":"LED-Leuchten"},"content":{"rendered":"\t\t<div data-elementor-type=\"wp-page\" data-elementor-id=\"27703\" class=\"elementor elementor-27703 elementor-21991\">\n\t\t\t\t<div class=\"wd-negative-gap elementor-element elementor-element-60c8ab08 e-flex e-con-boxed e-con e-parent\" data-id=\"60c8ab08\" data-element_type=\"container\">\n\t\t\t\t\t<div class=\"e-con-inner\">\n\t\t\t\t<div class=\"elementor-element elementor-element-34c1aafd color-scheme-inherit text-left elementor-widget elementor-widget-text-editor\" data-id=\"34c1aafd\" data-element_type=\"widget\" data-widget_type=\"text-editor.default\">\n\t\t\t\t<div class=\"elementor-widget-container\">\n\t\t\t\t\t\t\t\t\tErkunden Sie\nunser vielf\u00e4ltiges Sortiment an LED-Zuchtlampen von renommierten Marken, entwickelt f\u00fcr\noptimales Pflanzenwachstum. Diese energieeffizienten Lampen bieten ein volles Spektrum\nLicht, perfekt f\u00fcr jede Phase des Wachstums- und Bl\u00fctezyklus. Mit einstellbarer\nIntensit\u00e4t und verschiedenen Gr\u00f6\u00dfen eignen sie sich sowohl f\u00fcr den Hausgebrauch\nals professionelle Wachstumsumgebungen. Verbessern Sie Ihre Zuchtergebnisse und reduzieren Sie Ihre\nEnergiekosten mit unseren hochwertigen LED-Zuchtlampen.\t\t\t\t\t\t\t\t<\/div>\n\t\t\t\t<\/div>\n\t\t\t\t\t<\/div>\n\t\t\t\t<\/div>\n\t\t\t\t<section class=\"wd-negative-gap elementor-section elementor-top-section elementor-element elementor-element-6f29f564 elementor-section-full_width elementor-section-height-default elementor-section-height-default\" data-id=\"6f29f564\" data-element_type=\"section\" data-settings=\"{&quot;background_background&quot;:&quot;classic&quot;}\">\n\t\t\t\t\t\t<div class=\"elementor-container elementor-column-gap-default\">\n\t\t\t\t\t<div class=\"elementor-column elementor-col-100 elementor-top-column elementor-element elementor-element-77c06f93\" data-id=\"77c06f93\" data-element_type=\"column\">\n\t\t\t<div class=\"elementor-widget-wrap elementor-element-populated\">\n\t\t\t\t<div class=\"wd-negative-gap elementor-element elementor-element-48c7be78 mpc e-flex e-con-boxed e-con e-parent\" data-id=\"48c7be78\" data-element_type=\"container\">\n\t\t\t\t\t<div class=\"e-con-inner\">\n\t\t<div class=\"elementor-element elementor-element-3a837c5f e-con-full e-flex e-con e-child\" data-id=\"3a837c5f\" data-element_type=\"container\">\n\t\t\t\t<div class=\"elementor-element elementor-element-18f47709 catobx elementor-position-top elementor-widget elementor-widget-image-box\" data-id=\"18f47709\" data-element_type=\"widget\" data-widget_type=\"image-box.default\">\n\t\t\t\t<div class=\"elementor-widget-container\">\n\t\t\t\t\t<div class=\"elementor-image-box-wrapper\"><figure class=\"elementor-image-box-img\"><a href=\"https:\/\/greendisc.dev-project.digital\/de\/produkt-kategorie\/led-ocl-de\/\" tabindex=\"-1\"><img decoding=\"async\" width=\"200\" height=\"200\" src=\"https:\/\/greendisc.dev-project.digital\/wp-content\/uploads\/2024\/09\/OCL-SKWID-1900-PRO-LED_Detail01-430x304-1.jpg\" class=\"attachment-full size-full wp-image-31574\" alt=\"\" srcset=\"https:\/\/greendisc.dev-project.digital\/wp-content\/uploads\/2024\/09\/OCL-SKWID-1900-PRO-LED_Detail01-430x304-1.jpg 200w, https:\/\/greendisc.dev-project.digital\/wp-content\/uploads\/2024\/09\/OCL-SKWID-1900-PRO-LED_Detail01-430x304-1-150x150.jpg 150w\" sizes=\"(max-width: 200px) 100vw, 200px\" \/><\/a><\/figure><div class=\"elementor-image-box-content\"><h3 class=\"elementor-image-box-title\"><a href=\"https:\/\/greendisc.dev-project.digital\/de\/produkt-kategorie\/led-ocl-de\/\">OCL Beleuchtung<\/a><\/h3><\/div><\/div>\t\t\t\t<\/div>\n\t\t\t\t<\/div>\n\t\t\t\t<\/div>\n\t\t<div class=\"elementor-element elementor-element-6b46605e e-con-full e-flex e-con e-child\" data-id=\"6b46605e\" data-element_type=\"container\">\n\t\t\t\t<div class=\"elementor-element elementor-element-29717330 catobx elementor-position-top elementor-widget elementor-widget-image-box\" data-id=\"29717330\" data-element_type=\"widget\" data-widget_type=\"image-box.default\">\n\t\t\t\t<div class=\"elementor-widget-container\">\n\t\t\t\t\t<div class=\"elementor-image-box-wrapper\"><figure class=\"elementor-image-box-img\"><a href=\"https:\/\/greendisc.dev-project.digital\/de\/produkt-kategorie\/led-lumatek-de\/\" tabindex=\"-1\"><img decoding=\"async\" width=\"200\" height=\"200\" src=\"https:\/\/greendisc.dev-project.digital\/wp-content\/uploads\/2024\/09\/ATS200WPRO-min-1-430x364-1.jpg\" class=\"attachment-full size-full wp-image-31565\" alt=\"\" srcset=\"https:\/\/greendisc.dev-project.digital\/wp-content\/uploads\/2024\/09\/ATS200WPRO-min-1-430x364-1.jpg 200w, https:\/\/greendisc.dev-project.digital\/wp-content\/uploads\/2024\/09\/ATS200WPRO-min-1-430x364-1-150x150.jpg 150w\" sizes=\"(max-width: 200px) 100vw, 200px\" \/><\/a><\/figure><div class=\"elementor-image-box-content\"><h3 class=\"elementor-image-box-title\"><a href=\"https:\/\/greendisc.dev-project.digital\/de\/produkt-kategorie\/led-lumatek-de\/\">LED Lumatek<\/a><\/h3><\/div><\/div>\t\t\t\t<\/div>\n\t\t\t\t<\/div>\n\t\t\t\t<\/div>\n\t\t<div class=\"elementor-element elementor-element-123b9289 e-con-full e-flex e-con e-child\" data-id=\"123b9289\" data-element_type=\"container\">\n\t\t\t\t<div class=\"elementor-element elementor-element-3d6e1099 catobx elementor-position-top elementor-widget elementor-widget-image-box\" data-id=\"3d6e1099\" data-element_type=\"widget\" data-widget_type=\"image-box.default\">\n\t\t\t\t<div class=\"elementor-widget-container\">\n\t\t\t\t\t<div class=\"elementor-image-box-wrapper\"><figure class=\"elementor-image-box-img\"><a href=\"https:\/\/greendisc.dev-project.digital\/de\/produkt-kategorie\/led-lumenking-de\/\" tabindex=\"-1\"><img decoding=\"async\" width=\"200\" height=\"200\" src=\"https:\/\/greendisc.dev-project.digital\/wp-content\/uploads\/2024\/09\/LED_630W_DSC6112-430x285-1.jpg\" class=\"attachment-full size-full wp-image-31571\" alt=\"\" srcset=\"https:\/\/greendisc.dev-project.digital\/wp-content\/uploads\/2024\/09\/LED_630W_DSC6112-430x285-1.jpg 200w, https:\/\/greendisc.dev-project.digital\/wp-content\/uploads\/2024\/09\/LED_630W_DSC6112-430x285-1-150x150.jpg 150w\" sizes=\"(max-width: 200px) 100vw, 200px\" \/><\/a><\/figure><div class=\"elementor-image-box-content\"><h3 class=\"elementor-image-box-title\"><a href=\"https:\/\/greendisc.dev-project.digital\/de\/produkt-kategorie\/led-lumenking-de\/\">LED-Lumenking<\/a><\/h3><\/div><\/div>\t\t\t\t<\/div>\n\t\t\t\t<\/div>\n\t\t\t\t<\/div>\n\t\t<div class=\"elementor-element elementor-element-1eb79c7f e-con-full e-flex e-con e-child\" data-id=\"1eb79c7f\" data-element_type=\"container\">\n\t\t\t\t<div class=\"elementor-element elementor-element-486364 catobx elementor-position-top elementor-widget elementor-widget-image-box\" data-id=\"486364\" data-element_type=\"widget\" data-widget_type=\"image-box.default\">\n\t\t\t\t<div class=\"elementor-widget-container\">\n\t\t\t\t\t<div class=\"elementor-image-box-wrapper\"><figure class=\"elementor-image-box-img\"><a href=\"https:\/\/greendisc.dev-project.digital\/de\/produkt-kategorie\/led-spider-farmer-de\/\" tabindex=\"-1\"><img loading=\"lazy\" decoding=\"async\" width=\"200\" height=\"200\" src=\"https:\/\/greendisc.dev-project.digital\/wp-content\/uploads\/2024\/09\/spider-farmer-spider-farmer-se1000w-430x323-1.png\" class=\"attachment-full size-full wp-image-31577\" alt=\"\" srcset=\"https:\/\/greendisc.dev-project.digital\/wp-content\/uploads\/2024\/09\/spider-farmer-spider-farmer-se1000w-430x323-1.png 200w, https:\/\/greendisc.dev-project.digital\/wp-content\/uploads\/2024\/09\/spider-farmer-spider-farmer-se1000w-430x323-1-150x150.png 150w\" sizes=\"(max-width: 200px) 100vw, 200px\" \/><\/a><\/figure><div class=\"elementor-image-box-content\"><h3 class=\"elementor-image-box-title\"><a href=\"https:\/\/greendisc.dev-project.digital\/de\/produkt-kategorie\/led-spider-farmer-de\/\">LED-Spinnenfarmer<\/a><\/h3><\/div><\/div>\t\t\t\t<\/div>\n\t\t\t\t<\/div>\n\t\t\t\t<\/div>\n\t\t\t\t\t<\/div>\n\t\t\t\t<\/div>\n\t\t<div class=\"wd-negative-gap elementor-element elementor-element-72d72ea4 mpc e-flex e-con-boxed e-con e-parent\" data-id=\"72d72ea4\" data-element_type=\"container\">\n\t\t\t\t\t<div class=\"e-con-inner\">\n\t\t<div class=\"elementor-element elementor-element-4a17d82c e-con-full e-flex e-con e-child\" data-id=\"4a17d82c\" data-element_type=\"container\">\n\t\t\t\t<div class=\"elementor-element elementor-element-71098478 catobx elementor-position-top elementor-widget elementor-widget-image-box\" data-id=\"71098478\" data-element_type=\"widget\" data-widget_type=\"image-box.default\">\n\t\t\t\t<div class=\"elementor-widget-container\">\n\t\t\t\t\t<div class=\"elementor-image-box-wrapper\"><figure class=\"elementor-image-box-img\"><a href=\"https:\/\/greendisc.dev-project.digital\/de\/produkt-kategorie\/led-dimlux-de\/\" tabindex=\"-1\"><img loading=\"lazy\" decoding=\"async\" width=\"200\" height=\"200\" src=\"https:\/\/greendisc.dev-project.digital\/wp-content\/uploads\/2024\/09\/dimlux-dimlux-extreme-led-1000w-430x550-1-1-1.png\" class=\"attachment-full size-full wp-image-31568\" alt=\"\" srcset=\"https:\/\/greendisc.dev-project.digital\/wp-content\/uploads\/2024\/09\/dimlux-dimlux-extreme-led-1000w-430x550-1-1-1.png 200w, https:\/\/greendisc.dev-project.digital\/wp-content\/uploads\/2024\/09\/dimlux-dimlux-extreme-led-1000w-430x550-1-1-1-150x150.png 150w\" sizes=\"(max-width: 200px) 100vw, 200px\" \/><\/a><\/figure><div class=\"elementor-image-box-content\"><h3 class=\"elementor-image-box-title\"><a href=\"https:\/\/greendisc.dev-project.digital\/de\/produkt-kategorie\/led-dimlux-de\/\">LED Dimlux<\/a><\/h3><\/div><\/div>\t\t\t\t<\/div>\n\t\t\t\t<\/div>\n\t\t\t\t<\/div>\n\t\t<div class=\"elementor-element elementor-element-30758102 e-con-full e-flex e-con e-child\" data-id=\"30758102\" data-element_type=\"container\">\n\t\t\t\t<div class=\"elementor-element elementor-element-1df73fd5 catobx elementor-position-top elementor-widget elementor-widget-image-box\" data-id=\"1df73fd5\" data-element_type=\"widget\" data-widget_type=\"image-box.default\">\n\t\t\t\t<div class=\"elementor-widget-container\">\n\t\t\t\t\t<div class=\"elementor-image-box-wrapper\"><figure class=\"elementor-image-box-img\"><a href=\"https:\/\/greendisc.dev-project.digital\/de\/produkt-kategorie\/led-ralight\/\" tabindex=\"-1\"><img loading=\"lazy\" decoding=\"async\" width=\"185\" height=\"200\" src=\"https:\/\/greendisc.dev-project.digital\/wp-content\/uploads\/2025\/03\/Ralight_LED_360W-1-2-e1741963653705.png\" class=\"attachment-full size-full wp-image-38049\" alt=\"\" \/><\/a><\/figure><div class=\"elementor-image-box-content\"><h3 class=\"elementor-image-box-title\"><a href=\"https:\/\/greendisc.dev-project.digital\/de\/produkt-kategorie\/led-ralight\/\">LED-Licht<\/a><\/h3><\/div><\/div>\t\t\t\t<\/div>\n\t\t\t\t<\/div>\n\t\t\t\t<\/div>\n\t\t<div class=\"elementor-element elementor-element-cb3a4f0 e-con-full e-flex e-con e-child\" data-id=\"cb3a4f0\" data-element_type=\"container\">\n\t\t\t\t<div class=\"elementor-element elementor-element-e43180b catobx elementor-position-top elementor-widget elementor-widget-image-box\" data-id=\"e43180b\" data-element_type=\"widget\" data-widget_type=\"image-box.default\">\n\t\t\t\t<div class=\"elementor-widget-container\">\n\t\t\t\t\t<div class=\"elementor-image-box-wrapper\"><figure class=\"elementor-image-box-img\"><a href=\"https:\/\/greendisc.dev-project.digital\/de\/produkt-kategorie\/led-platinum-king-de\/?v=15fc885b9ab6\" tabindex=\"-1\"><img loading=\"lazy\" decoding=\"async\" width=\"185\" height=\"200\" src=\"https:\/\/greendisc.dev-project.digital\/wp-content\/uploads\/2025\/03\/Platinum.jpg\" class=\"attachment-full size-full wp-image-38313\" alt=\"\" srcset=\"https:\/\/greendisc.dev-project.digital\/wp-content\/uploads\/2025\/03\/Platinum.jpg 185w, https:\/\/greendisc.dev-project.digital\/wp-content\/uploads\/2025\/03\/Platinum-150x162.jpg 150w\" sizes=\"(max-width: 185px) 100vw, 185px\" \/><\/a><\/figure><div class=\"elementor-image-box-content\"><h3 class=\"elementor-image-box-title\"><a href=\"https:\/\/greendisc.dev-project.digital\/de\/produkt-kategorie\/led-platinum-king-de\/?v=15fc885b9ab6\">Platin-K\u00f6nig<\/a><\/h3><\/div><\/div>\t\t\t\t<\/div>\n\t\t\t\t<\/div>\n\t\t\t\t<\/div>\n\t\t<div class=\"elementor-element elementor-element-3ca8923 e-con-full e-flex e-con e-child\" data-id=\"3ca8923\" data-element_type=\"container\">\n\t\t\t\t<div class=\"elementor-element elementor-element-7ccb250 catobx elementor-position-top elementor-widget elementor-widget-image-box\" data-id=\"7ccb250\" data-element_type=\"widget\" data-widget_type=\"image-box.default\">\n\t\t\t\t<div class=\"elementor-widget-container\">\n\t\t\t\t\t<div class=\"elementor-image-box-wrapper\"><figure class=\"elementor-image-box-img\"><a href=\"https:\/\/greendisc.dev-project.digital\/de\/produkt-kategorie\/led-overige-de\/?v=15fc885b9ab6\" tabindex=\"-1\"><img loading=\"lazy\" decoding=\"async\" width=\"185\" height=\"200\" src=\"https:\/\/greendisc.dev-project.digital\/wp-content\/uploads\/2025\/03\/Platinum-led.jpg\" class=\"attachment-full size-full wp-image-38310\" alt=\"\" srcset=\"https:\/\/greendisc.dev-project.digital\/wp-content\/uploads\/2025\/03\/Platinum-led.jpg 185w, https:\/\/greendisc.dev-project.digital\/wp-content\/uploads\/2025\/03\/Platinum-led-150x162.jpg 150w\" sizes=\"(max-width: 185px) 100vw, 185px\" \/><\/a><\/figure><div class=\"elementor-image-box-content\"><h3 class=\"elementor-image-box-title\"><a href=\"https:\/\/greendisc.dev-project.digital\/de\/produkt-kategorie\/led-overige-de\/?v=15fc885b9ab6\">LED Andere<\/a><\/h3><\/div><\/div>\t\t\t\t<\/div>\n\t\t\t\t<\/div>\n\t\t\t\t<\/div>\n\t\t\t\t\t<\/div>\n\t\t\t\t<\/div>\n\t\t\t\t\t<\/div>\n\t\t<\/div>\n\t\t\t\t\t<\/div>\n\t\t<\/section>\n\t\t<div class=\"wd-negative-gap elementor-element elementor-element-f22a2a8 e-flex e-con-boxed e-con e-parent\" data-id=\"f22a2a8\" data-element_type=\"container\">\n\t\t\t\t\t<div class=\"e-con-inner\">\n\t\t\t\t<div class=\"elementor-element elementor-element-b1e4ae1 color-scheme-inherit text-left elementor-widget elementor-widget-text-editor\" data-id=\"b1e4ae1\" data-element_type=\"widget\" data-widget_type=\"text-editor.default\">\n\t\t\t\t<div class=\"elementor-widget-container\">\n\t\t\t\t\t\t\t\t\t<p>Willkommen bei Greendiscounter, Ihrem Spezialisten f\u00fcr Led-Leuchtmittel f\u00fcr den Innenanbau. Wir haben eine umfangreiche Kollektion verschiedener Top-Marken, darunter Lumatek, Lumenking, OCL, Spider Farmer und Ralight.Led-Leuchten sind die besten Beleuchtungsl\u00f6sungen f\u00fcr den Indoor-Anbau. Sie bieten das richtige Lichtspektrum und die richtige Intensit\u00e4t, die Ihre Pflanzen f\u00fcr optimales Wachstum und Bl\u00fcte ben\u00f6tigen. Au\u00dferdem sind sie energieeffizient und halten viel l\u00e4nger als herk\u00f6mmliche Beleuchtung, so dass Sie auf lange Sicht erhebliche Kosteneinsparungen erzielen k\u00f6nnen. Ganz gleich, ob Sie nach Leuchten mit hoher Effizienz, Farbspektrum oder Lichtintensit\u00e4t suchen, wir haben die richtige L\u00f6sung f\u00fcr Sie. Unsere Top-Marken, darunter Lumatek, Lumenking, OCL, Spider Farmer und Ralight, bieten die neuesten LED-Technologien und hochwertige Materialien, um optimale Leistung und Haltbarkeit zu gew\u00e4hrleisten. Unsere Ger\u00e4te werden von einem ausgezeichneten Kundenservice und Support unterst\u00fctzt und haben eine Garantie von bis zu 5 Jahren. Wir von Greendiscounter wissen, wie wichtig die richtige Beleuchtung f\u00fcr den Indoor-Anbau ist. Deshalb bieten wir eine umfangreiche Kollektion von Led-Leuchten verschiedener Top-Marken an, die speziell f\u00fcr den Indoor-Anbau entwickelt wurden. Kontaktieren Sie uns noch heute und erfahren Sie, wie wir Ihnen helfen k\u00f6nnen, Ihr Wachstum mit unseren hochwertigen Led-Leuchten zu optimieren.<\/p>\t\t\t\t\t\t\t\t<\/div>\n\t\t\t\t<\/div>\n\t\t\t\t\t<\/div>\n\t\t\t\t<\/div>\n\t\t\t\t<\/div>\n\t\t","protected":false},"excerpt":{"rendered":"<p>Erkunden Sie unser vielf\u00e4ltiges Sortiment an LED-Zuchtlampen von renommierten Marken, entwickelt f\u00fcr optimales Pflanzenwachstum. Diese energieeffizienten Lampen bieten ein volles<\/p>\n","protected":false},"author":1,"featured_media":0,"parent":0,"menu_order":0,"comment_status":"closed","ping_status":"closed","template":"","meta":{"footnotes":""},"class_list":["post-27703","page","type-page","status-publish","hentry"],"_links":{"self":[{"href":"https:\/\/greendisc.dev-project.digital\/de\/wp-json\/wp\/v2\/pages\/27703","targetHints":{"allow":["GET"]}}],"collection":[{"href":"https:\/\/greendisc.dev-project.digital\/de\/wp-json\/wp\/v2\/pages"}],"about":[{"href":"https:\/\/greendisc.dev-project.digital\/de\/wp-json\/wp\/v2\/types\/page"}],"author":[{"embeddable":true,"href":"https:\/\/greendisc.dev-project.digital\/de\/wp-json\/wp\/v2\/users\/1"}],"replies":[{"embeddable":true,"href":"https:\/\/greendisc.dev-project.digital\/de\/wp-json\/wp\/v2\/comments?post=27703"}],"version-history":[{"count":0,"href":"https:\/\/greendisc.dev-project.digital\/de\/wp-json\/wp\/v2\/pages\/27703\/revisions"}],"wp:attachment":[{"href":"https:\/\/greendisc.dev-project.digital\/de\/wp-json\/wp\/v2\/media?parent=27703"}],"curies":[{"name":"wp","href":"https:\/\/api.w.org\/{rel}","templated":true}]}}