 {"id":27694,"date":"2024-02-21T08:41:24","date_gmt":"2024-02-21T07:41:24","guid":{"rendered":"https:\/\/greendisc.dev-project.digital\/\/lose-beschlaege\/"},"modified":"2025-02-28T17:50:19","modified_gmt":"2025-02-28T16:50:19","slug":"lose-beschlaege","status":"publish","type":"page","link":"https:\/\/greendisc.dev-project.digital\/de\/lose-beschlaege\/","title":{"rendered":"Lose Beschl\u00e4ge"},"content":{"rendered":"\t\t<div data-elementor-type=\"wp-page\" data-elementor-id=\"27694\" class=\"elementor elementor-27694 elementor-22015\">\n\t\t\t\t<div class=\"wd-negative-gap elementor-element elementor-element-6c0e31fe e-flex e-con-boxed e-con e-parent\" data-id=\"6c0e31fe\" data-element_type=\"container\">\n\t\t\t\t\t<div class=\"e-con-inner\">\n\t\t\t\t<div class=\"elementor-element elementor-element-6d1b4e49 color-scheme-inherit text-left elementor-widget elementor-widget-text-editor\" data-id=\"6d1b4e49\" data-element_type=\"widget\" data-widget_type=\"text-editor.default\">\n\t\t\t\t<div class=\"elementor-widget-container\">\n\t\t\t\t\t\t\t\t\t<p>Bei Greendiscounter finden Sie auch einzelne Armaturen, auch Vorschaltger\u00e4te genannt. Wenn Sie am liebsten Ihr eigenes Set zusammenstellen, bietet unser Gesch\u00e4ft eine gro\u00dfe Auswahl an verschiedenen Marken und Modellen. W\u00e4hlen Sie aus elektronischen Vorschaltger\u00e4ten von Dimlux oder Lumatek oder magnetischen Vorschaltger\u00e4ten von Mari oder Fertraso. Ob 250W, 400W oder 600W \u2013 bei Greendiscounter finden Sie alles, was Sie brauchen.<\/p>\t\t\t\t\t\t\t\t<\/div>\n\t\t\t\t<\/div>\n\t\t\t\t\t<\/div>\n\t\t\t\t<\/div>\n\t\t\t\t<section class=\"wd-negative-gap elementor-section elementor-top-section elementor-element elementor-element-62ffdaa7 elementor-section-full_width elementor-section-height-default elementor-section-height-default\" data-id=\"62ffdaa7\" data-element_type=\"section\" data-settings=\"{&quot;background_background&quot;:&quot;classic&quot;}\">\n\t\t\t\t\t\t<div class=\"elementor-container elementor-column-gap-default\">\n\t\t\t\t\t<div class=\"elementor-column elementor-col-100 elementor-top-column elementor-element elementor-element-667e0563\" data-id=\"667e0563\" data-element_type=\"column\">\n\t\t\t<div class=\"elementor-widget-wrap elementor-element-populated\">\n\t\t\t\t<div class=\"wd-negative-gap elementor-element elementor-element-7d757c4c e-flex e-con-boxed e-con e-parent\" data-id=\"7d757c4c\" data-element_type=\"container\">\n\t\t\t\t\t<div class=\"e-con-inner\">\n\t\t<div class=\"elementor-element elementor-element-6ca2b454 e-con-full e-flex e-con e-child\" data-id=\"6ca2b454\" data-element_type=\"container\">\n\t\t\t\t<div class=\"elementor-element elementor-element-413f9a2 catobx elementor-position-top elementor-widget elementor-widget-image-box\" data-id=\"413f9a2\" data-element_type=\"widget\" data-widget_type=\"image-box.default\">\n\t\t\t\t<div class=\"elementor-widget-container\">\n\t\t\t\t\t<div class=\"elementor-image-box-wrapper\"><figure class=\"elementor-image-box-img\"><a href=\"https:\/\/greendisc.dev-project.digital\/de\/produkt-kategorie\/digitale-vorschaltgerate\/\" tabindex=\"-1\"><img decoding=\"async\" width=\"200\" height=\"200\" src=\"https:\/\/greendisc.dev-project.digital\/wp-content\/uploads\/2024\/09\/LUMATEK_250W_240V_DIGITAL_BALLAST-430x364-1.jpg\" class=\"attachment-full size-full wp-image-31553\" alt=\"\" srcset=\"https:\/\/greendisc.dev-project.digital\/wp-content\/uploads\/2024\/09\/LUMATEK_250W_240V_DIGITAL_BALLAST-430x364-1.jpg 200w, https:\/\/greendisc.dev-project.digital\/wp-content\/uploads\/2024\/09\/LUMATEK_250W_240V_DIGITAL_BALLAST-430x364-1-150x150.jpg 150w\" sizes=\"(max-width: 200px) 100vw, 200px\" \/><\/a><\/figure><div class=\"elementor-image-box-content\"><h3 class=\"elementor-image-box-title\"><a href=\"https:\/\/greendisc.dev-project.digital\/de\/produkt-kategorie\/digitale-vorschaltgerate\/\">Digitale Vorschaltger\u00e4te<\/a><\/h3><\/div><\/div>\t\t\t\t<\/div>\n\t\t\t\t<\/div>\n\t\t\t\t<\/div>\n\t\t<div class=\"elementor-element elementor-element-9300d9a e-con-full e-flex e-con e-child\" data-id=\"9300d9a\" data-element_type=\"container\">\n\t\t\t\t<div class=\"elementor-element elementor-element-5336b2a catobx elementor-position-top elementor-widget elementor-widget-image-box\" data-id=\"5336b2a\" data-element_type=\"widget\" data-widget_type=\"image-box.default\">\n\t\t\t\t<div class=\"elementor-widget-container\">\n\t\t\t\t\t<div class=\"elementor-image-box-wrapper\"><figure class=\"elementor-image-box-img\"><a href=\"https:\/\/greendisc.dev-project.digital\/de\/produkt-kategorie\/vorschaltgerate-aus-kupfer-aluminium\/\" tabindex=\"-1\"><img decoding=\"async\" width=\"200\" height=\"200\" src=\"https:\/\/greendisc.dev-project.digital\/wp-content\/uploads\/2024\/09\/elt-elt-voorschakelapparaat-transformator-voor-kwe-430x430-1.png\" class=\"attachment-full size-full wp-image-31556\" alt=\"\" srcset=\"https:\/\/greendisc.dev-project.digital\/wp-content\/uploads\/2024\/09\/elt-elt-voorschakelapparaat-transformator-voor-kwe-430x430-1.png 200w, https:\/\/greendisc.dev-project.digital\/wp-content\/uploads\/2024\/09\/elt-elt-voorschakelapparaat-transformator-voor-kwe-430x430-1-150x150.png 150w\" sizes=\"(max-width: 200px) 100vw, 200px\" \/><\/a><\/figure><div class=\"elementor-image-box-content\"><h3 class=\"elementor-image-box-title\"><a href=\"https:\/\/greendisc.dev-project.digital\/de\/produkt-kategorie\/vorschaltgerate-aus-kupfer-aluminium\/\">Vorschaltger\u00e4te aus Kupfer\/Aluminium<\/a><\/h3><\/div><\/div>\t\t\t\t<\/div>\n\t\t\t\t<\/div>\n\t\t\t\t<\/div>\n\t\t<div class=\"elementor-element elementor-element-7182905b e-con-full e-flex e-con e-child\" data-id=\"7182905b\" data-element_type=\"container\">\n\t\t\t\t<\/div>\n\t\t<div class=\"elementor-element elementor-element-7fda2584 e-con-full e-flex e-con e-child\" data-id=\"7fda2584\" data-element_type=\"container\">\n\t\t\t\t<\/div>\n\t\t\t\t\t<\/div>\n\t\t\t\t<\/div>\n\t\t\t\t\t<\/div>\n\t\t<\/div>\n\t\t\t\t\t<\/div>\n\t\t<\/section>\n\t\t<div class=\"wd-negative-gap elementor-element elementor-element-44709d5 e-flex e-con-boxed e-con e-parent\" data-id=\"44709d5\" data-element_type=\"container\">\n\t\t\t\t\t<div class=\"e-con-inner\">\n\t\t\t\t<div class=\"elementor-element elementor-element-2896df3 color-scheme-inherit text-left elementor-widget elementor-widget-text-editor\" data-id=\"2896df3\" data-element_type=\"widget\" data-widget_type=\"text-editor.default\">\n\t\t\t\t<div class=\"elementor-widget-container\">\n\t\t\t\t\t\t\t\t\t<p>Unser Sortiment an losen Vorschaltger\u00e4ten ist die ideale L\u00f6sung, um die Effizienz Ihrer Beleuchtungsanlage zu erh\u00f6hen.<br \/>Diese Leuchten sind in verschiedenen Wattst\u00e4rken erh\u00e4ltlich, so dass Sie immer eine Leuchte w\u00e4hlen k\u00f6nnen, die Ihren speziellen Beleuchtungsanforderungen entspricht. Alle Leuchten sind aus hochwertigen Materialien gefertigt und f\u00fcr eine lange Lebensdauer ausgelegt. Die Leuchten haben eine hohe Lichtausbeute und sind energieeffizient, so dass Sie Energiekosten sparen k\u00f6nnen.<br \/>Unsere losen Vorschaltger\u00e4te sind einfach zu installieren und zu warten und geben Ihnen die Flexibilit\u00e4t, Ihr Beleuchtungssystem nach Bedarf anzupassen. Bestellen Sie noch heute und \u00fcberzeugen Sie sich selbst von den Vorteilen unserer Kollektion an losen Vorschaltger\u00e4ten.<\/p>\n\t\t\t\t\t\t\t\t<\/div>\n\t\t\t\t<\/div>\n\t\t\t\t\t<\/div>\n\t\t\t\t<\/div>\n\t\t\t\t<\/div>\n\t\t","protected":false},"excerpt":{"rendered":"<p>Bei Greendiscounter finden Sie auch einzelne Armaturen, auch Vorschaltger\u00e4te genannt. Wenn Sie am liebsten Ihr eigenes Set zusammenstellen, bietet unser<\/p>\n","protected":false},"author":1,"featured_media":0,"parent":0,"menu_order":0,"comment_status":"closed","ping_status":"closed","template":"","meta":{"footnotes":""},"class_list":["post-27694","page","type-page","status-publish","hentry"],"_links":{"self":[{"href":"https:\/\/greendisc.dev-project.digital\/de\/wp-json\/wp\/v2\/pages\/27694","targetHints":{"allow":["GET"]}}],"collection":[{"href":"https:\/\/greendisc.dev-project.digital\/de\/wp-json\/wp\/v2\/pages"}],"about":[{"href":"https:\/\/greendisc.dev-project.digital\/de\/wp-json\/wp\/v2\/types\/page"}],"author":[{"embeddable":true,"href":"https:\/\/greendisc.dev-project.digital\/de\/wp-json\/wp\/v2\/users\/1"}],"replies":[{"embeddable":true,"href":"https:\/\/greendisc.dev-project.digital\/de\/wp-json\/wp\/v2\/comments?post=27694"}],"version-history":[{"count":0,"href":"https:\/\/greendisc.dev-project.digital\/de\/wp-json\/wp\/v2\/pages\/27694\/revisions"}],"wp:attachment":[{"href":"https:\/\/greendisc.dev-project.digital\/de\/wp-json\/wp\/v2\/media?parent=27694"}],"curies":[{"name":"wp","href":"https:\/\/api.w.org\/{rel}","templated":true}]}}