 {"id":27685,"date":"2024-02-21T08:47:45","date_gmt":"2024-02-21T07:47:45","guid":{"rendered":"https:\/\/greendisc.dev-project.digital\/\/bulben\/"},"modified":"2025-02-28T17:54:02","modified_gmt":"2025-02-28T16:54:02","slug":"bulben","status":"publish","type":"page","link":"https:\/\/greendisc.dev-project.digital\/de\/bulben\/","title":{"rendered":"Bulben"},"content":{"rendered":"\t\t<div data-elementor-type=\"wp-page\" data-elementor-id=\"27685\" class=\"elementor elementor-27685 elementor-22029\">\n\t\t\t\t<div class=\"wd-negative-gap elementor-element elementor-element-721b7884 e-flex e-con-boxed e-con e-parent\" data-id=\"721b7884\" data-element_type=\"container\">\n\t\t\t\t\t<div class=\"e-con-inner\">\n\t\t\t\t<div class=\"elementor-element elementor-element-358178fc color-scheme-inherit text-left elementor-widget elementor-widget-text-editor\" data-id=\"358178fc\" data-element_type=\"widget\" data-widget_type=\"text-editor.default\">\n\t\t\t\t<div class=\"elementor-widget-container\">\n\t\t\t\t\t\t\t\t\t<p>Entdecken Sie unser umfangreiches Angebot an verschiedenen Anbauleuchten. Unsere Kollektion an Lampen umfasst hochwertige Marken wie Philips, Osram, GE Lucalox und viele mehr. Ob Sie Wachstumsleuchten oder Bl\u00fcte-Leuchten in Wattzahlen von 250W, 400W, 600W oder sogar 1000W suchen, bei Greendiscounter finden Sie alles, was Sie brauchen.<\/p>\t\t\t\t\t\t\t\t<\/div>\n\t\t\t\t<\/div>\n\t\t\t\t\t<\/div>\n\t\t\t\t<\/div>\n\t\t\t\t<section class=\"wd-negative-gap elementor-section elementor-top-section elementor-element elementor-element-764e76d8 elementor-section-full_width elementor-section-height-default elementor-section-height-default\" data-id=\"764e76d8\" data-element_type=\"section\" data-settings=\"{&quot;background_background&quot;:&quot;classic&quot;}\">\n\t\t\t\t\t\t<div class=\"elementor-container elementor-column-gap-default\">\n\t\t\t\t\t<div class=\"elementor-column elementor-col-100 elementor-top-column elementor-element elementor-element-46896286\" data-id=\"46896286\" data-element_type=\"column\">\n\t\t\t<div class=\"elementor-widget-wrap elementor-element-populated\">\n\t\t\t\t<div class=\"wd-negative-gap elementor-element elementor-element-41d28426 e-flex e-con-boxed e-con e-parent\" data-id=\"41d28426\" data-element_type=\"container\">\n\t\t\t\t\t<div class=\"e-con-inner\">\n\t\t<div class=\"elementor-element elementor-element-7c58efc4 e-con-full e-flex e-con e-child\" data-id=\"7c58efc4\" data-element_type=\"container\">\n\t\t\t\t<div class=\"elementor-element elementor-element-4b0b66f7 catobx elementor-position-top elementor-widget elementor-widget-image-box\" data-id=\"4b0b66f7\" data-element_type=\"widget\" data-widget_type=\"image-box.default\">\n\t\t\t\t<div class=\"elementor-widget-container\">\n\t\t\t\t\t<div class=\"elementor-image-box-wrapper\"><figure class=\"elementor-image-box-img\"><a href=\"https:\/\/greendisc.dev-project.digital\/de\/produkt-kategorie\/beleuchtung\/bulben-de\/1000w-bulben-de\/\" tabindex=\"-1\"><img decoding=\"async\" width=\"200\" height=\"200\" src=\"https:\/\/greendisc.dev-project.digital\/wp-content\/uploads\/2024\/11\/1000w_bulben.jpg\" class=\"attachment-full size-full wp-image-32752\" alt=\"\" srcset=\"https:\/\/greendisc.dev-project.digital\/wp-content\/uploads\/2024\/11\/1000w_bulben.jpg 200w, https:\/\/greendisc.dev-project.digital\/wp-content\/uploads\/2024\/11\/1000w_bulben-150x150.jpg 150w\" sizes=\"(max-width: 200px) 100vw, 200px\" \/><\/a><\/figure><div class=\"elementor-image-box-content\"><h3 class=\"elementor-image-box-title\"><a href=\"https:\/\/greendisc.dev-project.digital\/de\/produkt-kategorie\/beleuchtung\/bulben-de\/1000w-bulben-de\/\">1000W Gl\u00fchbirne<\/a><\/h3><\/div><\/div>\t\t\t\t<\/div>\n\t\t\t\t<\/div>\n\t\t\t\t<\/div>\n\t\t<div class=\"elementor-element elementor-element-9ee0fa2 e-con-full e-flex e-con e-child\" data-id=\"9ee0fa2\" data-element_type=\"container\">\n\t\t\t\t<div class=\"elementor-element elementor-element-6a507c07 catobx elementor-position-top elementor-widget elementor-widget-image-box\" data-id=\"6a507c07\" data-element_type=\"widget\" data-widget_type=\"image-box.default\">\n\t\t\t\t<div class=\"elementor-widget-container\">\n\t\t\t\t\t<div class=\"elementor-image-box-wrapper\"><figure class=\"elementor-image-box-img\"><a href=\"https:\/\/greendisc.dev-project.digital\/de\/produkt-kategorie\/600w-bulben-de\/\" tabindex=\"-1\"><img decoding=\"async\" width=\"200\" height=\"200\" src=\"https:\/\/greendisc.dev-project.digital\/wp-content\/uploads\/2024\/09\/osram-osram-nav-t-super-600-w-1-430x550-1.jpg\" class=\"attachment-full size-full wp-image-31592\" alt=\"\" srcset=\"https:\/\/greendisc.dev-project.digital\/wp-content\/uploads\/2024\/09\/osram-osram-nav-t-super-600-w-1-430x550-1.jpg 200w, https:\/\/greendisc.dev-project.digital\/wp-content\/uploads\/2024\/09\/osram-osram-nav-t-super-600-w-1-430x550-1-150x150.jpg 150w\" sizes=\"(max-width: 200px) 100vw, 200px\" \/><\/a><\/figure><div class=\"elementor-image-box-content\"><h3 class=\"elementor-image-box-title\"><a href=\"https:\/\/greendisc.dev-project.digital\/de\/produkt-kategorie\/600w-bulben-de\/\">600W Gl\u00fchbirnen<\/a><\/h3><\/div><\/div>\t\t\t\t<\/div>\n\t\t\t\t<\/div>\n\t\t\t\t<\/div>\n\t\t<div class=\"elementor-element elementor-element-fe7e29b e-con-full e-flex e-con e-child\" data-id=\"fe7e29b\" data-element_type=\"container\">\n\t\t\t\t<div class=\"elementor-element elementor-element-9c666f6 catobx elementor-position-top elementor-widget elementor-widget-image-box\" data-id=\"9c666f6\" data-element_type=\"widget\" data-widget_type=\"image-box.default\">\n\t\t\t\t<div class=\"elementor-widget-container\">\n\t\t\t\t\t<div class=\"elementor-image-box-wrapper\"><figure class=\"elementor-image-box-img\"><a href=\"https:\/\/greendisc.dev-project.digital\/de\/produkt-kategorie\/400w-bulben-de\/\" tabindex=\"-1\"><img decoding=\"async\" width=\"200\" height=\"200\" src=\"https:\/\/greendisc.dev-project.digital\/wp-content\/uploads\/2024\/09\/osram-osram-hqi-bt-400-w-groeilamp-430x550-1.jpg\" class=\"attachment-full size-full wp-image-31589\" alt=\"\" srcset=\"https:\/\/greendisc.dev-project.digital\/wp-content\/uploads\/2024\/09\/osram-osram-hqi-bt-400-w-groeilamp-430x550-1.jpg 200w, https:\/\/greendisc.dev-project.digital\/wp-content\/uploads\/2024\/09\/osram-osram-hqi-bt-400-w-groeilamp-430x550-1-150x150.jpg 150w\" sizes=\"(max-width: 200px) 100vw, 200px\" \/><\/a><\/figure><div class=\"elementor-image-box-content\"><h3 class=\"elementor-image-box-title\"><a href=\"https:\/\/greendisc.dev-project.digital\/de\/produkt-kategorie\/400w-bulben-de\/\">400W Gl\u00fchbirne<\/a><\/h3><\/div><\/div>\t\t\t\t<\/div>\n\t\t\t\t<\/div>\n\t\t\t\t<\/div>\n\t\t<div class=\"elementor-element elementor-element-3667b54d e-con-full e-flex e-con e-child\" data-id=\"3667b54d\" data-element_type=\"container\">\n\t\t\t\t<div class=\"elementor-element elementor-element-7e8a1229 catobx elementor-position-top elementor-widget elementor-widget-image-box\" data-id=\"7e8a1229\" data-element_type=\"widget\" data-widget_type=\"image-box.default\">\n\t\t\t\t<div class=\"elementor-widget-container\">\n\t\t\t\t\t<div class=\"elementor-image-box-wrapper\"><figure class=\"elementor-image-box-img\"><a href=\"https:\/\/greendisc.dev-project.digital\/de\/produkt-kategorie\/250w-bulben-de-2\/\" tabindex=\"-1\"><img loading=\"lazy\" decoding=\"async\" width=\"200\" height=\"200\" src=\"https:\/\/greendisc.dev-project.digital\/wp-content\/uploads\/2024\/09\/osram-osram-plantastar-250-w-0.jpg\" class=\"attachment-full size-full wp-image-31595\" alt=\"\" srcset=\"https:\/\/greendisc.dev-project.digital\/wp-content\/uploads\/2024\/09\/osram-osram-plantastar-250-w-0.jpg 200w, https:\/\/greendisc.dev-project.digital\/wp-content\/uploads\/2024\/09\/osram-osram-plantastar-250-w-0-150x150.jpg 150w\" sizes=\"(max-width: 200px) 100vw, 200px\" \/><\/a><\/figure><div class=\"elementor-image-box-content\"><h3 class=\"elementor-image-box-title\"><a href=\"https:\/\/greendisc.dev-project.digital\/de\/produkt-kategorie\/250w-bulben-de-2\/\">250W Gl\u00fchbirne<\/a><\/h3><\/div><\/div>\t\t\t\t<\/div>\n\t\t\t\t<\/div>\n\t\t\t\t<\/div>\n\t\t\t\t\t<\/div>\n\t\t\t\t<\/div>\n\t\t<div class=\"wd-negative-gap elementor-element elementor-element-70ff3fc3 e-flex e-con-boxed e-con e-parent\" data-id=\"70ff3fc3\" data-element_type=\"container\">\n\t\t\t\t\t<div class=\"e-con-inner\">\n\t\t<div class=\"elementor-element elementor-element-e02dcf9 e-con-full e-flex e-con e-child\" data-id=\"e02dcf9\" data-element_type=\"container\">\n\t\t\t\t<div class=\"elementor-element elementor-element-4729d311 catobx elementor-position-top elementor-widget elementor-widget-image-box\" data-id=\"4729d311\" data-element_type=\"widget\" data-widget_type=\"image-box.default\">\n\t\t\t\t<div class=\"elementor-widget-container\">\n\t\t\t\t\t<div class=\"elementor-image-box-wrapper\"><figure class=\"elementor-image-box-img\"><a href=\"https:\/\/greendisc.dev-project.digital\/de\/produkt-kategorie\/andere-gluhbirnen\/\" tabindex=\"-1\"><img loading=\"lazy\" decoding=\"async\" width=\"200\" height=\"200\" src=\"https:\/\/greendisc.dev-project.digital\/wp-content\/uploads\/2024\/11\/lampen_overige.jpg\" class=\"attachment-full size-full wp-image-32746\" alt=\"\" srcset=\"https:\/\/greendisc.dev-project.digital\/wp-content\/uploads\/2024\/11\/lampen_overige.jpg 200w, https:\/\/greendisc.dev-project.digital\/wp-content\/uploads\/2024\/11\/lampen_overige-150x150.jpg 150w\" sizes=\"(max-width: 200px) 100vw, 200px\" \/><\/a><\/figure><div class=\"elementor-image-box-content\"><h3 class=\"elementor-image-box-title\"><a href=\"https:\/\/greendisc.dev-project.digital\/de\/produkt-kategorie\/andere-gluhbirnen\/\">Lampen andere Wattzahlen<\/a><\/h3><\/div><\/div>\t\t\t\t<\/div>\n\t\t\t\t<\/div>\n\t\t\t\t<\/div>\n\t\t<div class=\"elementor-element elementor-element-79cd1b43 e-con-full e-flex e-con e-child\" data-id=\"79cd1b43\" data-element_type=\"container\">\n\t\t\t\t<\/div>\n\t\t<div class=\"elementor-element elementor-element-c82e104 e-con-full e-flex e-con e-child\" data-id=\"c82e104\" data-element_type=\"container\">\n\t\t\t\t<\/div>\n\t\t<div class=\"elementor-element elementor-element-aac6d2b e-con-full e-flex e-con e-child\" data-id=\"aac6d2b\" data-element_type=\"container\">\n\t\t\t\t<\/div>\n\t\t\t\t\t<\/div>\n\t\t\t\t<\/div>\n\t\t\t\t\t<\/div>\n\t\t<\/div>\n\t\t\t\t\t<\/div>\n\t\t<\/section>\n\t\t<div class=\"wd-negative-gap elementor-element elementor-element-8ea9313 e-flex e-con-boxed e-con e-parent\" data-id=\"8ea9313\" data-element_type=\"container\">\n\t\t\t\t\t<div class=\"e-con-inner\">\n\t\t\t\t<div class=\"elementor-element elementor-element-de912c7 color-scheme-inherit text-left elementor-widget elementor-widget-text-editor\" data-id=\"de912c7\" data-element_type=\"widget\" data-widget_type=\"text-editor.default\">\n\t\t\t\t<div class=\"elementor-widget-container\">\n\t\t\t\t\t\t\t\t\t<p>Willkommen bei unserer Kollektion von Growlampen! Unsere Kollektion enth\u00e4lt eine gro\u00dfe Auswahl an Growlampen in verschiedenen Wattst\u00e4rken. Unsere Lampen wurden speziell f\u00fcr den professionellen Z\u00fcchter oder den Hobbyz\u00fcchter entwickelt, der nach einer professionellen Anbaul\u00f6sung sucht.<br \/>Unsere Growlampen sind aus hochwertigen Materialien gefertigt und f\u00fcr eine lange Lebensdauer ausgelegt. Diese Gl\u00fchbirnen haben eine hohe Lichtausbeute und sind energieeffizient, so dass Sie Energiekosten sparen k\u00f6nnen. Unsere Growlampen sind einfach zu installieren und zu warten und bieten Ihnen die Flexibilit\u00e4t, Ihre Wachstumsumgebung nach Ihren W\u00fcnschen zu gestalten.<br \/>Unsere Kollektion enth\u00e4lt eine gro\u00dfe Auswahl an Lampen, von Lampen mit hoher Wattzahl f\u00fcr den professionellen Z\u00fcchter bis hin zu Lampen mit niedriger Wattzahl f\u00fcr den Hobbyz\u00fcchter. Ob Sie eine Lampe f\u00fcr das vegetative Wachstum oder f\u00fcr die Bl\u00fctephase suchen, wir haben die richtige Lampe f\u00fcr Sie.<br \/>Unsere Growlampen eignen sich perfekt f\u00fcr den Anbau verschiedener Arten von Pflanzen, von Obst und Gem\u00fcse bis hin zu Heilkr\u00e4utern. Mit unseren Growlampen k\u00f6nnen Sie eine gesunde und produktive Ernte sicherstellen.<br \/>Unser Kundenservice hilft Ihnen gerne bei der Auswahl der richtigen Lampe f\u00fcr Ihre Wachstumsumgebung. Bestellen Sie noch heute und \u00fcberzeugen Sie sich selbst von den Vorteilen unserer Kollektion von Growlampen.<\/p>\n\t\t\t\t\t\t\t\t<\/div>\n\t\t\t\t<\/div>\n\t\t\t\t\t<\/div>\n\t\t\t\t<\/div>\n\t\t\t\t<\/div>\n\t\t","protected":false},"excerpt":{"rendered":"<p>Entdecken Sie unser umfangreiches Angebot an verschiedenen Anbauleuchten. Unsere Kollektion an Lampen umfasst hochwertige Marken wie Philips, Osram, GE Lucalox<\/p>\n","protected":false},"author":1,"featured_media":0,"parent":0,"menu_order":0,"comment_status":"closed","ping_status":"closed","template":"","meta":{"footnotes":""},"class_list":["post-27685","page","type-page","status-publish","hentry"],"_links":{"self":[{"href":"https:\/\/greendisc.dev-project.digital\/de\/wp-json\/wp\/v2\/pages\/27685","targetHints":{"allow":["GET"]}}],"collection":[{"href":"https:\/\/greendisc.dev-project.digital\/de\/wp-json\/wp\/v2\/pages"}],"about":[{"href":"https:\/\/greendisc.dev-project.digital\/de\/wp-json\/wp\/v2\/types\/page"}],"author":[{"embeddable":true,"href":"https:\/\/greendisc.dev-project.digital\/de\/wp-json\/wp\/v2\/users\/1"}],"replies":[{"embeddable":true,"href":"https:\/\/greendisc.dev-project.digital\/de\/wp-json\/wp\/v2\/comments?post=27685"}],"version-history":[{"count":0,"href":"https:\/\/greendisc.dev-project.digital\/de\/wp-json\/wp\/v2\/pages\/27685\/revisions"}],"wp:attachment":[{"href":"https:\/\/greendisc.dev-project.digital\/de\/wp-json\/wp\/v2\/media?parent=27685"}],"curies":[{"name":"wp","href":"https:\/\/api.w.org\/{rel}","templated":true}]}}