 {"id":27681,"date":"2024-02-21T11:30:41","date_gmt":"2024-02-21T10:30:41","guid":{"rendered":"https:\/\/greendisc.dev-project.digital\/\/kohlefilter\/"},"modified":"2024-11-19T17:05:38","modified_gmt":"2024-11-19T16:05:38","slug":"kohlefilter","status":"publish","type":"page","link":"https:\/\/greendisc.dev-project.digital\/de\/kohlefilter\/","title":{"rendered":"Kohlefilter"},"content":{"rendered":"\t\t<div data-elementor-type=\"wp-page\" data-elementor-id=\"27681\" class=\"elementor elementor-27681 elementor-22088\">\n\t\t\t\t<div class=\"wd-negative-gap elementor-element elementor-element-29fa9196 e-flex e-con-boxed e-con e-parent\" data-id=\"29fa9196\" data-element_type=\"container\">\n\t\t\t\t\t<div class=\"e-con-inner\">\n\t\t\t\t<div class=\"elementor-element elementor-element-573eafd9 color-scheme-inherit text-left elementor-widget elementor-widget-text-editor\" data-id=\"573eafd9\" data-element_type=\"widget\" data-widget_type=\"text-editor.default\">\n\t\t\t\t<div class=\"elementor-widget-container\">\n\t\t\t\t\t\t\t\t\t<p>Bei Greendiscounter finden Sie hochwertige Kohlenstofffilter von Top-Marken wie CAN, Wilco und HK, mit Kapazit\u00e4ten von 500 m\u00b3 bis 4500 m\u00b3 pro Stunde, die perfekt zum Entfernen von Ger\u00fcchen in Ihrem Anbauraum geeignet sind. Wir bieten sowohl Standard- als auch Lite-Filter an, die leichter sind, aber dennoch die gleiche hervorragende Leistung bieten. Egal, ob Sie einen kleinen oder gro\u00dfen Anbauraum haben, unsere Filter bieten die ideale L\u00f6sung f\u00fcr Geruchskontrolle und Luftreinigung.<\/p>\t\t\t\t\t\t\t\t<\/div>\n\t\t\t\t<\/div>\n\t\t\t\t\t<\/div>\n\t\t\t\t<\/div>\n\t\t\t\t<section class=\"wd-negative-gap elementor-section elementor-top-section elementor-element elementor-element-13c93379 elementor-section-full_width elementor-section-height-default elementor-section-height-default\" data-id=\"13c93379\" data-element_type=\"section\">\n\t\t\t\t\t\t<div class=\"elementor-container elementor-column-gap-default\">\n\t\t\t\t\t<div class=\"elementor-column elementor-col-100 elementor-top-column elementor-element elementor-element-6e660d10\" data-id=\"6e660d10\" data-element_type=\"column\">\n\t\t\t<div class=\"elementor-widget-wrap elementor-element-populated\">\n\t\t\t\t<div class=\"wd-negative-gap elementor-element elementor-element-5a8b3bbe e-flex e-con-boxed e-con e-parent\" data-id=\"5a8b3bbe\" data-element_type=\"container\">\n\t\t\t\t\t<div class=\"e-con-inner\">\n\t\t<div class=\"elementor-element elementor-element-14929599 e-con-full e-flex e-con e-child\" data-id=\"14929599\" data-element_type=\"container\">\n\t\t\t\t<div class=\"elementor-element elementor-element-c82cb14 catobx elementor-position-top elementor-widget elementor-widget-image-box\" data-id=\"c82cb14\" data-element_type=\"widget\" data-widget_type=\"image-box.default\">\n\t\t\t\t<div class=\"elementor-widget-container\">\n\t\t\t\t\t<div class=\"elementor-image-box-wrapper\"><figure class=\"elementor-image-box-img\"><a href=\"https:\/\/greendisc.dev-project.digital\/de\/produkt-kategorie\/can-kohlefilter\/\" tabindex=\"-1\"><img decoding=\"async\" width=\"200\" height=\"200\" src=\"https:\/\/greendisc.dev-project.digital\/wp-content\/uploads\/2024\/09\/38-special-detail3-430x935-1.png\" class=\"attachment-full size-full wp-image-31646\" alt=\"\" srcset=\"https:\/\/greendisc.dev-project.digital\/wp-content\/uploads\/2024\/09\/38-special-detail3-430x935-1.png 200w, https:\/\/greendisc.dev-project.digital\/wp-content\/uploads\/2024\/09\/38-special-detail3-430x935-1-150x150.png 150w\" sizes=\"(max-width: 200px) 100vw, 200px\" \/><\/a><\/figure><div class=\"elementor-image-box-content\"><h3 class=\"elementor-image-box-title\"><a href=\"https:\/\/greendisc.dev-project.digital\/de\/produkt-kategorie\/can-kohlefilter\/\">CAN-Kohlefilter<\/a><\/h3><\/div><\/div>\t\t\t\t<\/div>\n\t\t\t\t<\/div>\n\t\t\t\t<\/div>\n\t\t<div class=\"elementor-element elementor-element-38ef74f6 e-con-full e-flex e-con e-child\" data-id=\"38ef74f6\" data-element_type=\"container\">\n\t\t\t\t<div class=\"elementor-element elementor-element-533983e4 catobx elementor-position-top elementor-widget elementor-widget-image-box\" data-id=\"533983e4\" data-element_type=\"widget\" data-widget_type=\"image-box.default\">\n\t\t\t\t<div class=\"elementor-widget-container\">\n\t\t\t\t\t<div class=\"elementor-image-box-wrapper\"><figure class=\"elementor-image-box-img\"><a href=\"https:\/\/greendisc.dev-project.digital\/de\/produkt-kategorie\/wilco-kohlefilter\/\" tabindex=\"-1\"><img decoding=\"async\" width=\"200\" height=\"200\" src=\"https:\/\/greendisc.dev-project.digital\/wp-content\/uploads\/2024\/11\/wilco-filters.jpg\" class=\"attachment-full size-full wp-image-32706\" alt=\"\" srcset=\"https:\/\/greendisc.dev-project.digital\/wp-content\/uploads\/2024\/11\/wilco-filters.jpg 200w, https:\/\/greendisc.dev-project.digital\/wp-content\/uploads\/2024\/11\/wilco-filters-150x150.jpg 150w\" sizes=\"(max-width: 200px) 100vw, 200px\" \/><\/a><\/figure><div class=\"elementor-image-box-content\"><h3 class=\"elementor-image-box-title\"><a href=\"https:\/\/greendisc.dev-project.digital\/de\/produkt-kategorie\/wilco-kohlefilter\/\">Wilco Kohlefilter<\/a><\/h3><\/div><\/div>\t\t\t\t<\/div>\n\t\t\t\t<\/div>\n\t\t\t\t<\/div>\n\t\t<div class=\"elementor-element elementor-element-9345a53 e-con-full e-flex e-con e-child\" data-id=\"9345a53\" data-element_type=\"container\">\n\t\t\t\t<div class=\"elementor-element elementor-element-1d38d06d catobx elementor-position-top elementor-widget elementor-widget-image-box\" data-id=\"1d38d06d\" data-element_type=\"widget\" data-widget_type=\"image-box.default\">\n\t\t\t\t<div class=\"elementor-widget-container\">\n\t\t\t\t\t<div class=\"elementor-image-box-wrapper\"><figure class=\"elementor-image-box-img\"><a href=\"https:\/\/greendisc.dev-project.digital\/de\/produkt-kategorie\/hk-kohlefilter\/\" tabindex=\"-1\"><img decoding=\"async\" width=\"200\" height=\"200\" src=\"https:\/\/greendisc.dev-project.digital\/wp-content\/uploads\/2024\/09\/Empire-classic-Mars-800m3-koolstoffilter-430x430-1.png\" class=\"attachment-full size-full wp-image-31649\" alt=\"\" srcset=\"https:\/\/greendisc.dev-project.digital\/wp-content\/uploads\/2024\/09\/Empire-classic-Mars-800m3-koolstoffilter-430x430-1.png 200w, https:\/\/greendisc.dev-project.digital\/wp-content\/uploads\/2024\/09\/Empire-classic-Mars-800m3-koolstoffilter-430x430-1-150x150.png 150w\" sizes=\"(max-width: 200px) 100vw, 200px\" \/><\/a><\/figure><div class=\"elementor-image-box-content\"><h3 class=\"elementor-image-box-title\"><a href=\"https:\/\/greendisc.dev-project.digital\/de\/produkt-kategorie\/hk-kohlefilter\/\">HK Kohlefilter<\/a><\/h3><\/div><\/div>\t\t\t\t<\/div>\n\t\t\t\t<\/div>\n\t\t\t\t<\/div>\n\t\t<div class=\"elementor-element elementor-element-164e1b54 e-con-full e-flex e-con e-child\" data-id=\"164e1b54\" data-element_type=\"container\">\n\t\t\t\t<\/div>\n\t\t\t\t\t<\/div>\n\t\t\t\t<\/div>\n\t\t\t\t\t<\/div>\n\t\t<\/div>\n\t\t\t\t\t<\/div>\n\t\t<\/section>\n\t\t<div class=\"wd-negative-gap elementor-element elementor-element-5481781 e-flex e-con-boxed e-con e-parent\" data-id=\"5481781\" data-element_type=\"container\">\n\t\t\t\t\t<div class=\"e-con-inner\">\n\t\t\t\t<div class=\"elementor-element elementor-element-cd3d9e4 color-scheme-inherit text-left elementor-widget elementor-widget-text-editor\" data-id=\"cd3d9e4\" data-element_type=\"widget\" data-widget_type=\"text-editor.default\">\n\t\t\t\t<div class=\"elementor-widget-container\">\n\t\t\t\t\t\t\t\t\t<p><strong>Kohlenstofffilter von H\u00f6chster Qualit\u00e4t \u2013 CAN, Wilco und HK Filter bei Greendiscounter<\/strong><\/p><p>Bei Greendiscounter bieten wir eine breite Auswahl an hochwertigen Kohlenstofffiltern von Top-Marken wie CAN, Wilco und HK, die f\u00fcr eine effiziente Luftreinigung in Ihrem Anbauraum entwickelt wurden. Kohlenstofffilter sind entscheidend, um Ger\u00fcche zu entfernen und f\u00fcr eine frische, saubere Luftzirkulation zu sorgen. Mit Kapazit\u00e4ten von 500 m\u00b3 bis 4500 m\u00b3 pro Stunde bieten unsere Kohlenstofffilter L\u00f6sungen f\u00fcr kleine und gro\u00dfe Anbaur\u00e4ume. Zus\u00e4tzlich bieten wir neben den Standardfiltern auch Lite-Filter an, die leichter sind, aber dennoch dieselbe hohe Qualit\u00e4t und Leistung bieten.<\/p><p><strong>CAN Kohlenstofffilter<\/strong><br \/>CAN Filter sind bekannt f\u00fcr ihre Zuverl\u00e4ssigkeit und Leistung bei der Luftreinigung. Diese Filter sind mit hochwertiger Aktivkohle ausgestattet, die eine optimale Absorption von Ger\u00fcchen und Verunreinigungen gew\u00e4hrleistet. CAN Kohlenstofffilter sind in Kapazit\u00e4ten von 500 m\u00b3 bis 4500 m\u00b3 erh\u00e4ltlich und eignen sich daher f\u00fcr unterschiedliche Anbaur\u00e4ume. F\u00fcr Z\u00fcchter, die leistungsstarke Luftfiltration und langanhaltende Ergebnisse suchen, bieten die CAN Filter eine ausgezeichnete L\u00f6sung.<\/p><p><strong>Wilco Kohlenstofffilter<\/strong><br \/>Wilco Kohlenstofffilter zeichnen sich durch ihre Robustheit und hohe Qualit\u00e4t aus. Mit ihrer starken Leistung und langlebigen Materialien sind Wilco Filter ideal f\u00fcr Z\u00fcchter, die zuverl\u00e4ssige und effektive Geruchskontrolle ben\u00f6tigen. Wie die CAN Filter sind auch die Wilco Filter in Kapazit\u00e4ten von 500 m\u00b3 bis 4500 m\u00b3 pro Stunde erh\u00e4ltlich und eignen sich sowohl f\u00fcr kleine als auch f\u00fcr gr\u00f6\u00dfere Anbaur\u00e4ume. Wilco bietet auch eine Auswahl an Lite-Filtern an, die leichter und einfacher zu handhaben sind, ohne an Filterqualit\u00e4t einzub\u00fc\u00dfen.<\/p><p><strong>HK Kohlenstofffilter<\/strong><br \/>HK Filter wurden mit dem Fokus auf Langlebigkeit und hochwertige Kohlenstoffe entwickelt, die selbst hartn\u00e4ckige Ger\u00fcche neutralisieren. Dank ihrer starken Filtrationseigenschaften und Kapazit\u00e4ten von 500 m\u00b3 bis 4500 m\u00b3 sind HK Kohlenstofffilter ideal f\u00fcr intensive Anbaur\u00e4ume. Die HK Filter bieten sowohl Standard- als auch Lite-Varianten, sodass Sie einen leichteren Filter w\u00e4hlen k\u00f6nnen, wenn Mobilit\u00e4t und einfache Installation wichtig sind, w\u00e4hrend die Filterleistung erhalten bleibt.<\/p><p><strong>Lite-Filter zur Gewichtseinsparung<\/strong><br \/>Neben den Standardfiltern bieten wir bei Greendiscounter auch Lite-Filter f\u00fcr diejenigen an, die nach einer leichteren Alternative suchen. Die Lite-Filter von CAN, Wilco und HK sind speziell entwickelt, um das Gewicht zu reduzieren, ohne die Qualit\u00e4t zu beeintr\u00e4chtigen. Diese Filter erleichtern die Installation, insbesondere in Situationen, in denen der Filter h\u00e4ufig bewegt werden muss oder der Platz zum Aufh\u00e4ngen begrenzt ist. Trotz ihres geringeren Gewichts bieten Lite-Filter dennoch eine hervorragende Geruchsabsorption und Filtrationsleistung.<\/p><p><strong>Warum Kohlenstofffilter von Greendiscounter w\u00e4hlen?<\/strong><br \/>Greendiscounter ist Ihr vertrauensw\u00fcrdiger Partner f\u00fcr hochwertige Kohlenstofffilter der Marken CAN, Wilco und HK. Unser umfangreiches Sortiment an Filtern und Lite-Varianten stellt sicher, dass Sie immer die richtige L\u00f6sung f\u00fcr Ihren spezifischen Anbauraum finden. Mit Kapazit\u00e4ten von 500 m\u00b3 bis 4500 m\u00b3 und einer breiten Auswahl an Standard- und Lite-Modellen tragen unsere Kohlenstofffilter dazu bei, einen sauberen und geruchfreien Anbauraum f\u00fcr professionelle Z\u00fcchter und Hobbyisten zu schaffen.<\/p><p>W\u00e4hlen Sie die hochwertigen Kohlenstofffilter von Greendiscounter und schaffen Sie eine optimale Anbauumgebung mit sauberer, frischer Luft, die gesunde Pflanzenwachstumsbedingungen und effektive Geruchskontrolle f\u00f6rdert.<\/p>\t\t\t\t\t\t\t\t<\/div>\n\t\t\t\t<\/div>\n\t\t\t\t\t<\/div>\n\t\t\t\t<\/div>\n\t\t\t\t<\/div>\n\t\t","protected":false},"excerpt":{"rendered":"<p>Bei Greendiscounter finden Sie hochwertige Kohlenstofffilter von Top-Marken wie CAN, Wilco und HK, mit Kapazit\u00e4ten von 500 m\u00b3 bis 4500<\/p>\n","protected":false},"author":1,"featured_media":0,"parent":0,"menu_order":0,"comment_status":"closed","ping_status":"closed","template":"","meta":{"footnotes":""},"class_list":["post-27681","page","type-page","status-publish","hentry"],"_links":{"self":[{"href":"https:\/\/greendisc.dev-project.digital\/de\/wp-json\/wp\/v2\/pages\/27681","targetHints":{"allow":["GET"]}}],"collection":[{"href":"https:\/\/greendisc.dev-project.digital\/de\/wp-json\/wp\/v2\/pages"}],"about":[{"href":"https:\/\/greendisc.dev-project.digital\/de\/wp-json\/wp\/v2\/types\/page"}],"author":[{"embeddable":true,"href":"https:\/\/greendisc.dev-project.digital\/de\/wp-json\/wp\/v2\/users\/1"}],"replies":[{"embeddable":true,"href":"https:\/\/greendisc.dev-project.digital\/de\/wp-json\/wp\/v2\/comments?post=27681"}],"version-history":[{"count":0,"href":"https:\/\/greendisc.dev-project.digital\/de\/wp-json\/wp\/v2\/pages\/27681\/revisions"}],"wp:attachment":[{"href":"https:\/\/greendisc.dev-project.digital\/de\/wp-json\/wp\/v2\/media?parent=27681"}],"curies":[{"name":"wp","href":"https:\/\/api.w.org\/{rel}","templated":true}]}}