 {"id":27669,"date":"2024-02-21T11:41:36","date_gmt":"2024-02-21T10:41:36","guid":{"rendered":"https:\/\/greendisc.dev-project.digital\/\/flansche-und-armaturen\/"},"modified":"2025-02-28T18:10:38","modified_gmt":"2025-02-28T17:10:38","slug":"flansche-und-armaturen","status":"publish","type":"page","link":"https:\/\/greendisc.dev-project.digital\/de\/flansche-und-armaturen\/","title":{"rendered":"Flansche und Armaturen"},"content":{"rendered":"\t\t<div data-elementor-type=\"wp-page\" data-elementor-id=\"27669\" class=\"elementor elementor-27669 elementor-22104\">\n\t\t\t\t<div class=\"wd-negative-gap elementor-element elementor-element-5de631bd e-flex e-con-boxed e-con e-parent\" data-id=\"5de631bd\" data-element_type=\"container\">\n\t\t\t\t\t<div class=\"e-con-inner\">\n\t\t\t\t<div class=\"elementor-element elementor-element-7b5479c7 color-scheme-inherit text-left elementor-widget elementor-widget-text-editor\" data-id=\"7b5479c7\" data-element_type=\"widget\" data-widget_type=\"text-editor.default\">\n\t\t\t\t<div class=\"elementor-widget-container\">\n\t\t\t\t\t\t\t\t\t<p>GreenDiscounter bietet ein breites Sortiment an hochwertigen Spiromaterialien, darunter Flansche, Y-St\u00fccke, T-St\u00fccke, B\u00f6gen, Schlauchschellen und Verbindungsst\u00fccke, f\u00fcr effiziente und langlebige L\u00fcftungssysteme. Mit attraktiven Preisen, schneller Lieferung und fachkundiger Beratung ist GreenDiscounter Ihr Spezialist f\u00fcr alle Ihre Spiro- und Luftkanalbedarfe. Entdecken Sie unser komplettes Angebot online und bestellen Sie noch heute f\u00fcr zuverl\u00e4ssige Qualit\u00e4t!<\/p>\t\t\t\t\t\t\t\t<\/div>\n\t\t\t\t<\/div>\n\t\t\t\t\t<\/div>\n\t\t\t\t<\/div>\n\t\t\t\t<section class=\"wd-negative-gap elementor-section elementor-top-section elementor-element elementor-element-18a3a6de elementor-section-full_width elementor-section-height-default elementor-section-height-default\" data-id=\"18a3a6de\" data-element_type=\"section\">\n\t\t\t\t\t\t<div class=\"elementor-container elementor-column-gap-default\">\n\t\t\t\t\t<div class=\"elementor-column elementor-col-100 elementor-top-column elementor-element elementor-element-7bcc747c\" data-id=\"7bcc747c\" data-element_type=\"column\">\n\t\t\t<div class=\"elementor-widget-wrap elementor-element-populated\">\n\t\t\t\t<div class=\"wd-negative-gap elementor-element elementor-element-35afdf16 e-flex e-con-boxed e-con e-parent\" data-id=\"35afdf16\" data-element_type=\"container\">\n\t\t\t\t\t<div class=\"e-con-inner\">\n\t\t<div class=\"elementor-element elementor-element-493363e2 e-con-full e-flex e-con e-child\" data-id=\"493363e2\" data-element_type=\"container\">\n\t\t\t\t<div class=\"elementor-element elementor-element-363e0ead catobx elementor-position-top elementor-widget elementor-widget-image-box\" data-id=\"363e0ead\" data-element_type=\"widget\" data-widget_type=\"image-box.default\">\n\t\t\t\t<div class=\"elementor-widget-container\">\n\t\t\t\t\t<div class=\"elementor-image-box-wrapper\"><figure class=\"elementor-image-box-img\"><a href=\"https:\/\/greendisc.dev-project.digital\/de\/produkt-kategorie\/aeronautik\/flansche-und-armaturen\/flansche\/\" tabindex=\"-1\"><img decoding=\"async\" width=\"200\" height=\"200\" src=\"https:\/\/greendisc.dev-project.digital\/wp-content\/uploads\/2024\/09\/flens-350-o-430x550-1.jpg\" class=\"attachment-full size-full wp-image-31667\" alt=\"\" srcset=\"https:\/\/greendisc.dev-project.digital\/wp-content\/uploads\/2024\/09\/flens-350-o-430x550-1.jpg 200w, https:\/\/greendisc.dev-project.digital\/wp-content\/uploads\/2024\/09\/flens-350-o-430x550-1-150x150.jpg 150w\" sizes=\"(max-width: 200px) 100vw, 200px\" \/><\/a><\/figure><div class=\"elementor-image-box-content\"><h3 class=\"elementor-image-box-title\"><a href=\"https:\/\/greendisc.dev-project.digital\/de\/produkt-kategorie\/aeronautik\/flansche-und-armaturen\/flansche\/\">Flansche<\/a><\/h3><\/div><\/div>\t\t\t\t<\/div>\n\t\t\t\t<\/div>\n\t\t\t\t<\/div>\n\t\t<div class=\"elementor-element elementor-element-7cbdf608 e-con-full e-flex e-con e-child\" data-id=\"7cbdf608\" data-element_type=\"container\">\n\t\t\t\t<div class=\"elementor-element elementor-element-6975dc9c catobx elementor-position-top elementor-widget elementor-widget-image-box\" data-id=\"6975dc9c\" data-element_type=\"widget\" data-widget_type=\"image-box.default\">\n\t\t\t\t<div class=\"elementor-widget-container\">\n\t\t\t\t\t<div class=\"elementor-image-box-wrapper\"><figure class=\"elementor-image-box-img\"><a href=\"https:\/\/greendisc.dev-project.digital\/de\/produkt-kategorie\/aeronautik\/flansche-und-armaturen\/schlauchschellen\/\" tabindex=\"-1\"><img decoding=\"async\" width=\"200\" height=\"200\" src=\"https:\/\/greendisc.dev-project.digital\/wp-content\/uploads\/2024\/09\/Slangklem001-430x430-1.png\" class=\"attachment-full size-full wp-image-31673\" alt=\"\" srcset=\"https:\/\/greendisc.dev-project.digital\/wp-content\/uploads\/2024\/09\/Slangklem001-430x430-1.png 200w, https:\/\/greendisc.dev-project.digital\/wp-content\/uploads\/2024\/09\/Slangklem001-430x430-1-150x150.png 150w\" sizes=\"(max-width: 200px) 100vw, 200px\" \/><\/a><\/figure><div class=\"elementor-image-box-content\"><h3 class=\"elementor-image-box-title\"><a href=\"https:\/\/greendisc.dev-project.digital\/de\/produkt-kategorie\/aeronautik\/flansche-und-armaturen\/schlauchschellen\/\">Schlauchschellen<\/a><\/h3><\/div><\/div>\t\t\t\t<\/div>\n\t\t\t\t<\/div>\n\t\t\t\t<\/div>\n\t\t<div class=\"elementor-element elementor-element-821b3ad e-con-full e-flex e-con e-child\" data-id=\"821b3ad\" data-element_type=\"container\">\n\t\t\t\t<div class=\"elementor-element elementor-element-6e688b97 catobx elementor-position-top elementor-widget elementor-widget-image-box\" data-id=\"6e688b97\" data-element_type=\"widget\" data-widget_type=\"image-box.default\">\n\t\t\t\t<div class=\"elementor-widget-container\">\n\t\t\t\t\t<div class=\"elementor-image-box-wrapper\"><figure class=\"elementor-image-box-img\"><a href=\"https:\/\/greendisc.dev-project.digital\/de\/produkt-kategorie\/aeronautik\/flansche-und-armaturen\/steckverbinder\/\" tabindex=\"-1\"><img decoding=\"async\" width=\"200\" height=\"200\" src=\"https:\/\/greendisc.dev-project.digital\/wp-content\/uploads\/2024\/09\/verbindingsmof-voor-spiro-430x418-1.jpg\" class=\"attachment-full size-full wp-image-31679\" alt=\"\" srcset=\"https:\/\/greendisc.dev-project.digital\/wp-content\/uploads\/2024\/09\/verbindingsmof-voor-spiro-430x418-1.jpg 200w, https:\/\/greendisc.dev-project.digital\/wp-content\/uploads\/2024\/09\/verbindingsmof-voor-spiro-430x418-1-150x150.jpg 150w\" sizes=\"(max-width: 200px) 100vw, 200px\" \/><\/a><\/figure><div class=\"elementor-image-box-content\"><h3 class=\"elementor-image-box-title\"><a href=\"https:\/\/greendisc.dev-project.digital\/de\/produkt-kategorie\/aeronautik\/flansche-und-armaturen\/steckverbinder\/\">Steckverbinder<\/a><\/h3><\/div><\/div>\t\t\t\t<\/div>\n\t\t\t\t<\/div>\n\t\t\t\t<\/div>\n\t\t<div class=\"elementor-element elementor-element-5ce0c39e e-con-full e-flex e-con e-child\" data-id=\"5ce0c39e\" data-element_type=\"container\">\n\t\t\t\t<div class=\"elementor-element elementor-element-65a2de13 catobx elementor-position-top elementor-widget elementor-widget-image-box\" data-id=\"65a2de13\" data-element_type=\"widget\" data-widget_type=\"image-box.default\">\n\t\t\t\t<div class=\"elementor-widget-container\">\n\t\t\t\t\t<div class=\"elementor-image-box-wrapper\"><figure class=\"elementor-image-box-img\"><a href=\"https:\/\/greendisc.dev-project.digital\/de\/produkt-kategorie\/aeronautik\/flansche-und-armaturen\/adapter\/\" tabindex=\"-1\"><img loading=\"lazy\" decoding=\"async\" width=\"200\" height=\"200\" src=\"https:\/\/greendisc.dev-project.digital\/wp-content\/uploads\/2024\/09\/image_4fccfedf-c3c6-4bc1-9f0f-3e4d4622fa9c.jpg\" class=\"attachment-full size-full wp-image-31670\" alt=\"\" srcset=\"https:\/\/greendisc.dev-project.digital\/wp-content\/uploads\/2024\/09\/image_4fccfedf-c3c6-4bc1-9f0f-3e4d4622fa9c.jpg 200w, https:\/\/greendisc.dev-project.digital\/wp-content\/uploads\/2024\/09\/image_4fccfedf-c3c6-4bc1-9f0f-3e4d4622fa9c-150x150.jpg 150w\" sizes=\"(max-width: 200px) 100vw, 200px\" \/><\/a><\/figure><div class=\"elementor-image-box-content\"><h3 class=\"elementor-image-box-title\"><a href=\"https:\/\/greendisc.dev-project.digital\/de\/produkt-kategorie\/aeronautik\/flansche-und-armaturen\/adapter\/\">Adapter<\/a><\/h3><\/div><\/div>\t\t\t\t<\/div>\n\t\t\t\t<\/div>\n\t\t\t\t<\/div>\n\t\t\t\t\t<\/div>\n\t\t\t\t<\/div>\n\t\t<div class=\"wd-negative-gap elementor-element elementor-element-2b923315 e-flex e-con-boxed e-con e-parent\" data-id=\"2b923315\" data-element_type=\"container\">\n\t\t\t\t\t<div class=\"e-con-inner\">\n\t\t<div class=\"elementor-element elementor-element-6e74eb70 e-con-full e-flex e-con e-child\" data-id=\"6e74eb70\" data-element_type=\"container\">\n\t\t\t\t<div class=\"elementor-element elementor-element-5f311c08 catobx elementor-position-top elementor-widget elementor-widget-image-box\" data-id=\"5f311c08\" data-element_type=\"widget\" data-widget_type=\"image-box.default\">\n\t\t\t\t<div class=\"elementor-widget-container\">\n\t\t\t\t\t<div class=\"elementor-image-box-wrapper\"><figure class=\"elementor-image-box-img\"><a href=\"https:\/\/greendisc.dev-project.digital\/de\/produkt-kategorie\/aeronautik\/flansche-und-armaturen\/metall-biegt\/\" tabindex=\"-1\"><img loading=\"lazy\" decoding=\"async\" width=\"200\" height=\"200\" src=\"https:\/\/greendisc.dev-project.digital\/wp-content\/uploads\/2024\/09\/bocht_90_1_7.jpg\" class=\"attachment-full size-full wp-image-31661\" alt=\"\" srcset=\"https:\/\/greendisc.dev-project.digital\/wp-content\/uploads\/2024\/09\/bocht_90_1_7.jpg 200w, https:\/\/greendisc.dev-project.digital\/wp-content\/uploads\/2024\/09\/bocht_90_1_7-150x150.jpg 150w\" sizes=\"(max-width: 200px) 100vw, 200px\" \/><\/a><\/figure><div class=\"elementor-image-box-content\"><h3 class=\"elementor-image-box-title\"><a href=\"https:\/\/greendisc.dev-project.digital\/de\/produkt-kategorie\/aeronautik\/flansche-und-armaturen\/metall-biegt\/\">Metall biegt<\/a><\/h3><\/div><\/div>\t\t\t\t<\/div>\n\t\t\t\t<\/div>\n\t\t\t\t<\/div>\n\t\t<div class=\"elementor-element elementor-element-249cddb1 e-con-full e-flex e-con e-child\" data-id=\"249cddb1\" data-element_type=\"container\">\n\t\t\t\t<div class=\"elementor-element elementor-element-1b6a8b30 catobx elementor-position-top elementor-widget elementor-widget-image-box\" data-id=\"1b6a8b30\" data-element_type=\"widget\" data-widget_type=\"image-box.default\">\n\t\t\t\t<div class=\"elementor-widget-container\">\n\t\t\t\t\t<div class=\"elementor-image-box-wrapper\"><figure class=\"elementor-image-box-img\"><a href=\"https:\/\/greendisc.dev-project.digital\/de\/produkt-kategorie\/aeronautik\/flansche-und-armaturen\/t-stucke-aus-metall\/\" tabindex=\"-1\"><img loading=\"lazy\" decoding=\"async\" width=\"200\" height=\"200\" src=\"https:\/\/greendisc.dev-project.digital\/wp-content\/uploads\/2024\/09\/t-stuk_1_1-430x286-1.jpg\" class=\"attachment-full size-full wp-image-31676\" alt=\"\" srcset=\"https:\/\/greendisc.dev-project.digital\/wp-content\/uploads\/2024\/09\/t-stuk_1_1-430x286-1.jpg 200w, https:\/\/greendisc.dev-project.digital\/wp-content\/uploads\/2024\/09\/t-stuk_1_1-430x286-1-150x150.jpg 150w\" sizes=\"(max-width: 200px) 100vw, 200px\" \/><\/a><\/figure><div class=\"elementor-image-box-content\"><h3 class=\"elementor-image-box-title\"><a href=\"https:\/\/greendisc.dev-project.digital\/de\/produkt-kategorie\/aeronautik\/flansche-und-armaturen\/t-stucke-aus-metall\/\">T-St\u00fccke aus Metall<\/a><\/h3><\/div><\/div>\t\t\t\t<\/div>\n\t\t\t\t<\/div>\n\t\t\t\t<\/div>\n\t\t<div class=\"elementor-element elementor-element-c35b11f e-con-full e-flex e-con e-child\" data-id=\"c35b11f\" data-element_type=\"container\">\n\t\t\t\t<div class=\"elementor-element elementor-element-2b7a0ca catobx elementor-position-top elementor-widget elementor-widget-image-box\" data-id=\"2b7a0ca\" data-element_type=\"widget\" data-widget_type=\"image-box.default\">\n\t\t\t\t<div class=\"elementor-widget-container\">\n\t\t\t\t\t<div class=\"elementor-image-box-wrapper\"><figure class=\"elementor-image-box-img\"><a href=\"https:\/\/greendisc.dev-project.digital\/de\/produkt-kategorie\/aeronautik\/flansche-und-armaturen\/y-stucke-aus-metall\/\" tabindex=\"-1\"><img loading=\"lazy\" decoding=\"async\" width=\"200\" height=\"200\" src=\"https:\/\/greendisc.dev-project.digital\/wp-content\/uploads\/2024\/09\/broekstuk001.png\" class=\"attachment-full size-full wp-image-31664\" alt=\"\" srcset=\"https:\/\/greendisc.dev-project.digital\/wp-content\/uploads\/2024\/09\/broekstuk001.png 200w, https:\/\/greendisc.dev-project.digital\/wp-content\/uploads\/2024\/09\/broekstuk001-150x150.png 150w\" sizes=\"(max-width: 200px) 100vw, 200px\" \/><\/a><\/figure><div class=\"elementor-image-box-content\"><h3 class=\"elementor-image-box-title\"><a href=\"https:\/\/greendisc.dev-project.digital\/de\/produkt-kategorie\/aeronautik\/flansche-und-armaturen\/y-stucke-aus-metall\/\">Y-St\u00fccke aus Metall<\/a><\/h3><\/div><\/div>\t\t\t\t<\/div>\n\t\t\t\t<\/div>\n\t\t\t\t<\/div>\n\t\t<div class=\"elementor-element elementor-element-2edfd22 e-con-full e-flex e-con e-child\" data-id=\"2edfd22\" data-element_type=\"container\">\n\t\t\t\t<div class=\"elementor-element elementor-element-3768941 catobx elementor-position-top elementor-widget elementor-widget-image-box\" data-id=\"3768941\" data-element_type=\"widget\" data-widget_type=\"image-box.default\">\n\t\t\t\t<div class=\"elementor-widget-container\">\n\t\t\t\t\t<div class=\"elementor-image-box-wrapper\"><figure class=\"elementor-image-box-img\"><a href=\"https:\/\/greendisc.dev-project.digital\/de\/produkt-kategorie\/aeronautik\/flansche-und-armaturen\/anhange-sonstiges\/\" tabindex=\"-1\"><img loading=\"lazy\" decoding=\"async\" width=\"200\" height=\"200\" src=\"https:\/\/greendisc.dev-project.digital\/wp-content\/uploads\/2024\/09\/afsluitdeksel-gemaakt-van-staalplaat-dn250-430x430-1-1.jpg\" class=\"attachment-full size-full wp-image-31658\" alt=\"\" srcset=\"https:\/\/greendisc.dev-project.digital\/wp-content\/uploads\/2024\/09\/afsluitdeksel-gemaakt-van-staalplaat-dn250-430x430-1-1.jpg 200w, https:\/\/greendisc.dev-project.digital\/wp-content\/uploads\/2024\/09\/afsluitdeksel-gemaakt-van-staalplaat-dn250-430x430-1-1-150x150.jpg 150w\" sizes=\"(max-width: 200px) 100vw, 200px\" \/><\/a><\/figure><div class=\"elementor-image-box-content\"><h3 class=\"elementor-image-box-title\"><a href=\"https:\/\/greendisc.dev-project.digital\/de\/produkt-kategorie\/aeronautik\/flansche-und-armaturen\/anhange-sonstiges\/\">Anh\u00e4nge sonstiges<\/a><\/h3><\/div><\/div>\t\t\t\t<\/div>\n\t\t\t\t<\/div>\n\t\t\t\t<\/div>\n\t\t\t\t\t<\/div>\n\t\t\t\t<\/div>\n\t\t\t\t\t<\/div>\n\t\t<\/div>\n\t\t\t\t\t<\/div>\n\t\t<\/section>\n\t\t<div class=\"wd-negative-gap elementor-element elementor-element-5fb2645 e-flex e-con-boxed e-con e-parent\" data-id=\"5fb2645\" data-element_type=\"container\">\n\t\t\t\t\t<div class=\"e-con-inner\">\n\t\t\t\t<div class=\"elementor-element elementor-element-9fc7b8e color-scheme-inherit text-left elementor-widget elementor-widget-text-editor\" data-id=\"9fc7b8e\" data-element_type=\"widget\" data-widget_type=\"text-editor.default\">\n\t\t\t\t<div class=\"elementor-widget-container\">\n\t\t\t\t\t\t\t\t\t<h4><strong>Spiromaterialien: Entdecken Sie das Komplettsortiment von GreenDiscounter<\/strong><\/h4><p>Bei GreenDiscounter verstehen wir die Bedeutung hochwertiger Spiromaterialien f\u00fcr verschiedene Anwendungen in L\u00fcftungssystemen, Luftkan\u00e4len und industriellen Installationen. Unser umfangreiches Sortiment umfasst alles, was Sie ben\u00f6tigen, um Ihr Projekt erfolgreich und effizient abzuschlie\u00dfen. Von Flanschen und Y-St\u00fccken bis hin zu B\u00f6gen und Schlauchschellen: Bei uns finden Sie hochwertige Produkte zu g\u00fcnstigen Preisen.<\/p><h4><strong>Was sind Spiromaterialien?<\/strong><\/h4><p>Spiromaterialien sind wesentliche Komponenten in L\u00fcftungs- und Abluftsystemen. Sie gew\u00e4hrleisten eine optimale Luftzirkulation, minimieren Druckverluste und tragen zu einem energieeffizienten Betrieb bei. Ob Sie Heimwerker oder Profi sind, mit den richtigen Materialien schaffen Sie ein zuverl\u00e4ssiges und langlebiges System, das den h\u00f6chsten Standards entspricht.<\/p><h4><strong>Das GreenDiscounter Sortiment<\/strong><\/h4><p>Unser Angebot an Spiromaterialien ist sorgf\u00e4ltig zusammengestellt, um allen Anforderungen gerecht zu werden. Hier ein \u00dcberblick \u00fcber unsere Hauptkategorien.<\/p><p><strong>Flansche<\/strong><br \/>Flansche sind unverzichtbar f\u00fcr die sichere Verbindung verschiedener Rohre oder Komponenten in einem Spirokanal. Bei GreenDiscounter finden Sie Flansche in unterschiedlichen Gr\u00f6\u00dfen, gefertigt aus langlebigen Materialien, die verschlei\u00df- und korrosionsbest\u00e4ndig sind.<\/p><p><strong>Y-St\u00fccke und T-St\u00fccke<\/strong><br \/>Mit Y- und T-St\u00fccken k\u00f6nnen Sie mehrere Luftstr\u00f6me in Ihrem System kombinieren oder teilen. Diese Komponenten bieten Flexibilit\u00e4t bei der Installation komplexer Luftkan\u00e4le und sorgen f\u00fcr eine effiziente Luftstromverteilung.<\/p><p><strong>B\u00f6gen<\/strong><br \/>F\u00fcr eine pr\u00e4zise F\u00fchrung Ihrer Luftkan\u00e4le bieten wir B\u00f6gen in verschiedenen Winkeln, wie 45\u00b0 und 90\u00b0. Unsere B\u00f6gen sind darauf ausgelegt, den Luftwiderstand zu minimieren und einen reibungslosen Luftstrom zu gew\u00e4hrleisten.<\/p><p><strong>Verbindungsst\u00fccke<\/strong><br \/>Mit unseren Verbindungsst\u00fccken k\u00f6nnen Sie Rohre und andere Komponenten sicher miteinander verbinden. Sie sind einfach zu montieren und bieten eine luftdichte Abdichtung, die f\u00fcr eine optimale Funktion Ihres L\u00fcftungssystems unerl\u00e4sslich ist.<\/p><p><strong>Schlauchschellen<\/strong><br \/>F\u00fcr die sichere und feste Befestigung flexibler Luftkan\u00e4le sind Schlauchschellen die ideale L\u00f6sung. Unsere Schellen sind verstellbar und aus rostfreiem Stahl gefertigt, was eine lange Lebensdauer garantiert.<\/p><h4><strong>Warum GreenDiscounter?<\/strong><\/h4><p>GreenDiscounter ist Ihr Spezialist f\u00fcr Spiromaterialien. Wir zeichnen uns aus durch:<\/p><ul><li><strong>Breites Sortiment:<\/strong> Alles, was Sie brauchen, an einem Ort.<\/li><li><strong>H\u00f6chste Qualit\u00e4t:<\/strong> Alle unsere Produkte erf\u00fcllen die h\u00f6chsten Standards.<\/li><li><strong>G\u00fcnstige Preise:<\/strong> Bezahlbare L\u00f6sungen ohne Qualit\u00e4tsverlust.<\/li><li><strong>Schnelle Lieferung:<\/strong> Bestellungen werden schnell und sorgf\u00e4ltig geliefert.<\/li><li><strong>Exzellenter Kundenservice:<\/strong> Unser Team steht bereit, um Ihre Fragen zu beantworten und Sie zu beraten.<\/li><\/ul><h4><strong>Anwendungen von Spiromaterialien<\/strong><\/h4><p>Unsere Spiromaterialien eignen sich f\u00fcr verschiedene Anwendungen, darunter:<\/p><ul><li><strong>L\u00fcftungssysteme in Wohnungen und B\u00fcros<\/strong><\/li><li><strong>Industrielle Luftkan\u00e4le<\/strong><\/li><li><strong>Absauganlagen in K\u00fcchen und Werkst\u00e4tten<\/strong><\/li><li><strong>Luftaufbereitung in gewerblichen R\u00e4umen<\/strong><br \/>Mit den richtigen Materialien schaffen Sie ein System, das effizient, leise und langlebig ist.<\/li><\/ul><h4><strong>Spiromaterialien einfach online bestellen bei GreenDiscounter<\/strong><\/h4><p>GreenDiscounter macht das Bestellen von Spiromaterialien einfach und schnell. Dank unseres benutzerfreundlichen Webshops finden Sie genau das, was Sie suchen. Unsicher, welche Produkte Sie ben\u00f6tigen? Unsere Experten stehen bereit, um Sie zu beraten.<\/p><p>W\u00e4hlen Sie GreenDiscounter und entdecken Sie, wie wir Ihnen mit all Ihren Spiromaterialien helfen k\u00f6nnen. <strong>Bestellen Sie noch heute<\/strong> und profitieren Sie von unserem schnellen Service und unserer Qualit\u00e4tsgarantie!<\/p>\t\t\t\t\t\t\t\t<\/div>\n\t\t\t\t<\/div>\n\t\t\t\t\t<\/div>\n\t\t\t\t<\/div>\n\t\t\t\t<\/div>\n\t\t","protected":false},"excerpt":{"rendered":"<p>GreenDiscounter bietet ein breites Sortiment an hochwertigen Spiromaterialien, darunter Flansche, Y-St\u00fccke, T-St\u00fccke, B\u00f6gen, Schlauchschellen und Verbindungsst\u00fccke, f\u00fcr effiziente und langlebige<\/p>\n","protected":false},"author":1,"featured_media":0,"parent":0,"menu_order":0,"comment_status":"closed","ping_status":"closed","template":"","meta":{"footnotes":""},"class_list":["post-27669","page","type-page","status-publish","hentry"],"_links":{"self":[{"href":"https:\/\/greendisc.dev-project.digital\/de\/wp-json\/wp\/v2\/pages\/27669","targetHints":{"allow":["GET"]}}],"collection":[{"href":"https:\/\/greendisc.dev-project.digital\/de\/wp-json\/wp\/v2\/pages"}],"about":[{"href":"https:\/\/greendisc.dev-project.digital\/de\/wp-json\/wp\/v2\/types\/page"}],"author":[{"embeddable":true,"href":"https:\/\/greendisc.dev-project.digital\/de\/wp-json\/wp\/v2\/users\/1"}],"replies":[{"embeddable":true,"href":"https:\/\/greendisc.dev-project.digital\/de\/wp-json\/wp\/v2\/comments?post=27669"}],"version-history":[{"count":0,"href":"https:\/\/greendisc.dev-project.digital\/de\/wp-json\/wp\/v2\/pages\/27669\/revisions"}],"wp:attachment":[{"href":"https:\/\/greendisc.dev-project.digital\/de\/wp-json\/wp\/v2\/media?parent=27669"}],"curies":[{"name":"wp","href":"https:\/\/api.w.org\/{rel}","templated":true}]}}