 {"id":27405,"date":"2024-02-21T11:11:53","date_gmt":"2024-02-21T10:11:53","guid":{"rendered":"https:\/\/greendisc.dev-project.digital\/\/dunstabzugshauben\/"},"modified":"2024-11-14T14:59:40","modified_gmt":"2024-11-14T13:59:40","slug":"dunstabzugshauben","status":"publish","type":"page","link":"https:\/\/greendisc.dev-project.digital\/de\/dunstabzugshauben\/","title":{"rendered":"Dunstabzugshauben"},"content":{"rendered":"\t\t<div data-elementor-type=\"wp-page\" data-elementor-id=\"27405\" class=\"elementor elementor-27405 elementor-22067\">\n\t\t\t\t<div class=\"wd-negative-gap elementor-element elementor-element-4f507ca7 e-flex e-con-boxed e-con e-parent\" data-id=\"4f507ca7\" data-element_type=\"container\">\n\t\t\t\t\t<div class=\"e-con-inner\">\n\t\t\t\t<div class=\"elementor-element elementor-element-32a2ccf4 color-scheme-inherit text-left elementor-widget elementor-widget-text-editor\" data-id=\"32a2ccf4\" data-element_type=\"widget\" data-widget_type=\"text-editor.default\">\n\t\t\t\t<div class=\"elementor-widget-container\">\n\t\t\t\t\t\t\t\t\t<p>Entdecken Sie die Abluftk\u00e4sten von Greendiscounter f\u00fcr eine effiziente, leise Luftzirkulation, erh\u00e4ltlich in MDF, Schaumstoff und Metall, mit Kapazit\u00e4ten von 500 m\u00b3 bis 7000 m\u00b3. W\u00e4hlen Sie zwischen festen Motoren oder Softbox-Modellen mit ger\u00e4uschreduzierenden Gummiaufh\u00e4ngungen f\u00fcr optimale Leistung in jedem Anbauraum. Perfekt f\u00fcr Z\u00fcchter, die Qualit\u00e4t und Ger\u00e4uschreduzierung in ihrem Bel\u00fcftungssystem suchen.<\/p>\t\t\t\t\t\t\t\t<\/div>\n\t\t\t\t<\/div>\n\t\t\t\t\t<\/div>\n\t\t\t\t<\/div>\n\t\t\t\t<section class=\"wd-negative-gap elementor-section elementor-top-section elementor-element elementor-element-4e13671a elementor-section-full_width elementor-section-height-default elementor-section-height-default\" data-id=\"4e13671a\" data-element_type=\"section\">\n\t\t\t\t\t\t<div class=\"elementor-container elementor-column-gap-default\">\n\t\t\t\t\t<div class=\"elementor-column elementor-col-100 elementor-top-column elementor-element elementor-element-588be0e6\" data-id=\"588be0e6\" data-element_type=\"column\">\n\t\t\t<div class=\"elementor-widget-wrap elementor-element-populated\">\n\t\t\t\t<div class=\"wd-negative-gap elementor-element elementor-element-59771654 e-flex e-con-boxed e-con e-parent\" data-id=\"59771654\" data-element_type=\"container\">\n\t\t\t\t\t<div class=\"e-con-inner\">\n\t\t<div class=\"elementor-element elementor-element-7ae0dc4b e-con-full e-flex e-con e-child\" data-id=\"7ae0dc4b\" data-element_type=\"container\">\n\t\t\t\t<div class=\"elementor-element elementor-element-1716d5fc catobx elementor-position-top elementor-widget elementor-widget-image-box\" data-id=\"1716d5fc\" data-element_type=\"widget\" data-widget_type=\"image-box.default\">\n\t\t\t\t<div class=\"elementor-widget-container\">\n\t\t\t\t\t<div class=\"elementor-image-box-wrapper\"><figure class=\"elementor-image-box-img\"><a href=\"https:\/\/greendisc.dev-project.digital\/de\/produkt-kategorie\/auspuffboxen-fester-motor\/\" tabindex=\"-1\"><img decoding=\"async\" width=\"200\" height=\"200\" src=\"https:\/\/greendisc.dev-project.digital\/wp-content\/uploads\/2024\/09\/Berken-afzuigkist001-430x430-1-1.png\" class=\"attachment-full size-full wp-image-31625\" alt=\"\" srcset=\"https:\/\/greendisc.dev-project.digital\/wp-content\/uploads\/2024\/09\/Berken-afzuigkist001-430x430-1-1.png 200w, https:\/\/greendisc.dev-project.digital\/wp-content\/uploads\/2024\/09\/Berken-afzuigkist001-430x430-1-1-150x150.png 150w\" sizes=\"(max-width: 200px) 100vw, 200px\" \/><\/a><\/figure><div class=\"elementor-image-box-content\"><h3 class=\"elementor-image-box-title\"><a href=\"https:\/\/greendisc.dev-project.digital\/de\/produkt-kategorie\/auspuffboxen-fester-motor\/\">Auspuffboxen fester Motor<\/a><\/h3><\/div><\/div>\t\t\t\t<\/div>\n\t\t\t\t<\/div>\n\t\t\t\t<\/div>\n\t\t<div class=\"elementor-element elementor-element-7c3068d7 e-con-full e-flex e-con e-child\" data-id=\"7c3068d7\" data-element_type=\"container\">\n\t\t\t\t<div class=\"elementor-element elementor-element-69c1b8c8 catobx elementor-position-top elementor-widget elementor-widget-image-box\" data-id=\"69c1b8c8\" data-element_type=\"widget\" data-widget_type=\"image-box.default\">\n\t\t\t\t<div class=\"elementor-widget-container\">\n\t\t\t\t\t<div class=\"elementor-image-box-wrapper\"><figure class=\"elementor-image-box-img\"><a href=\"https:\/\/greendisc.dev-project.digital\/de\/produkt-kategorie\/afzuigkisten-loshangende-motor-de\/\" tabindex=\"-1\"><img decoding=\"async\" width=\"200\" height=\"200\" src=\"https:\/\/greendisc.dev-project.digital\/wp-content\/uploads\/2024\/09\/Mdf-softbox001_4f36cdd6-e02e-4f0e-b181-3729bd9e1ca4-430x430-1.png\" class=\"attachment-full size-full wp-image-31628\" alt=\"\" srcset=\"https:\/\/greendisc.dev-project.digital\/wp-content\/uploads\/2024\/09\/Mdf-softbox001_4f36cdd6-e02e-4f0e-b181-3729bd9e1ca4-430x430-1.png 200w, https:\/\/greendisc.dev-project.digital\/wp-content\/uploads\/2024\/09\/Mdf-softbox001_4f36cdd6-e02e-4f0e-b181-3729bd9e1ca4-430x430-1-150x150.png 150w\" sizes=\"(max-width: 200px) 100vw, 200px\" \/><\/a><\/figure><div class=\"elementor-image-box-content\"><h3 class=\"elementor-image-box-title\"><a href=\"https:\/\/greendisc.dev-project.digital\/de\/produkt-kategorie\/afzuigkisten-loshangende-motor-de\/\">Auspuffkasten loser Motor<\/a><\/h3><\/div><\/div>\t\t\t\t<\/div>\n\t\t\t\t<\/div>\n\t\t\t\t<\/div>\n\t\t<div class=\"elementor-element elementor-element-58270af6 e-con-full e-flex e-con e-child\" data-id=\"58270af6\" data-element_type=\"container\">\n\t\t\t\t<\/div>\n\t\t<div class=\"elementor-element elementor-element-5e2775f4 e-con-full e-flex e-con e-child\" data-id=\"5e2775f4\" data-element_type=\"container\">\n\t\t\t\t<\/div>\n\t\t\t\t\t<\/div>\n\t\t\t\t<\/div>\n\t\t\t\t\t<\/div>\n\t\t<\/div>\n\t\t\t\t\t<\/div>\n\t\t<\/section>\n\t\t<div class=\"wd-negative-gap elementor-element elementor-element-f5eef63 e-flex e-con-boxed e-con e-parent\" data-id=\"f5eef63\" data-element_type=\"container\">\n\t\t\t\t\t<div class=\"e-con-inner\">\n\t\t\t\t<div class=\"elementor-element elementor-element-8ed8e8c color-scheme-inherit text-left elementor-widget elementor-widget-text-editor\" data-id=\"8ed8e8c\" data-element_type=\"widget\" data-widget_type=\"text-editor.default\">\n\t\t\t\t<div class=\"elementor-widget-container\">\n\t\t\t\t\t\t\t\t\t<p><strong>Abluftk\u00e4sten aus MDF, Schaumstoff und Metall f\u00fcr optimale Luftzirkulation \u2013 Greendiscounter<\/strong><\/p><p>Sind Sie auf der Suche nach einem Abluftkasten, der f\u00fcr leise, effiziente und kraftvolle Luftzirkulation in Ihrem Anbauraum sorgt? Bei Greendiscounter finden Sie eine breite Auswahl an Abluftk\u00e4sten aus MDF, Schaumstoff und Metall, mit Kapazit\u00e4ten von 500 m\u00b3 bis zu 7000 m\u00b3 pro Stunde. Unser Sortiment ist speziell auf die Bed\u00fcrfnisse von professionellen und Hobby-Z\u00fcchtern zugeschnitten und bietet fortschrittliche Schalld\u00e4mpfungstechnologie und Leistungsoptimierung.<\/p><p><strong>MDF Abluftk\u00e4sten<\/strong><br \/>Unsere MDF Abluftk\u00e4sten bieten hervorragende Ger\u00e4uschreduzierung und sind daher ideal f\u00fcr Anbaur\u00e4ume, in denen L\u00e4rmbel\u00e4stigung auf ein Minimum beschr\u00e4nkt werden muss. MDF ist nicht nur langlebig, sondern auch schalld\u00e4mpfend und sorgt f\u00fcr einen leisen und stabilen Betrieb. Diese K\u00e4sten sind mit einem festen Motor oder als Softbox erh\u00e4ltlich, bei der der Motor in Gummiaufh\u00e4ngungen h\u00e4ngt, f\u00fcr zus\u00e4tzliche D\u00e4mpfung und weniger Vibrationen. Selbst bei hohen Kapazit\u00e4ten bleiben auch leistungsstarke Abluftk\u00e4sten leise und zuverl\u00e4ssig.<\/p><p><strong>Schaumstoff Abluftk\u00e4sten<\/strong><br \/>Schaumstoff-Abluftk\u00e4sten sind eine ausgezeichnete Wahl f\u00fcr Z\u00fcchter, die eine leichte und einfach zu installierende Option suchen. Durch das Schaumstoffmaterial sind diese K\u00e4sten leichter zu bewegen und bieten zudem eine gute Ger\u00e4uschd\u00e4mpfung. Schaumstoffk\u00e4sten sind f\u00fcr Anbaur\u00e4ume mit geringeren Kapazit\u00e4tsanforderungen geeignet, bleiben jedoch effizient und leise im Betrieb. Sie sind daher perfekt f\u00fcr kleinere R\u00e4ume oder als Erg\u00e4nzung zu gr\u00f6\u00dferen Abluftanlagen.<\/p><p><strong>Metall Abluftk\u00e4sten<\/strong><br \/>F\u00fcr alle, die eine langlebige und leistungsstarke L\u00f6sung suchen, bieten unsere Metall-Abluftk\u00e4sten maximale Leistung und Zuverl\u00e4ssigkeit. Metall ist widerstandsf\u00e4hig gegen hohe Luftstr\u00f6me und Hitze und macht diese K\u00e4sten besonders geeignet f\u00fcr anspruchsvolle Anbaubedingungen. Erh\u00e4ltlich mit sowohl festen Motoren als auch Softbox-Motoren, bieten die Metallk\u00e4sten Flexibilit\u00e4t und Benutzerfreundlichkeit, damit Sie die Abluftleistung perfekt an Ihren Raum anpassen k\u00f6nnen.<\/p><p><strong>Softbox-Optionen f\u00fcr reduzierte Ger\u00e4usche<\/strong><br \/>Unsere Softbox-Abluftk\u00e4sten sind so konzipiert, dass Ger\u00e4usche und Vibrationen weiter minimiert werden. In diesen K\u00e4sten ist der Motor in Gummi gelagert, was die Vibrationen erheblich reduziert. Dies erm\u00f6glicht einen ruhigeren Betrieb, selbst bei hohen Kapazit\u00e4ten, ohne Einbu\u00dfen bei der Leistung. Softbox-Optionen sind sowohl f\u00fcr MDF- als auch Metall-Abluftk\u00e4sten verf\u00fcgbar, sodass Sie die Kombination aus Material und Technologie w\u00e4hlen k\u00f6nnen, die am besten zu Ihrer Anbauumgebung passt.<\/p><p><strong>Kapazit\u00e4ten von 500 m\u00b3 bis 7000 m\u00b3<\/strong><br \/>Egal, ob Sie einen kleinen Raum bel\u00fcften oder einen gr\u00f6\u00dferen Anbauraum haben \u2013 Greendiscounter bietet Abluftk\u00e4sten in einer Vielzahl von Kapazit\u00e4ten. Von 500 m\u00b3 pro Stunde f\u00fcr kleinere Installationen bis zu 7000 m\u00b3 pro Stunde f\u00fcr gr\u00f6\u00dfere Projekte haben wir die perfekte L\u00f6sung. Dank der breiten Kapazit\u00e4tsauswahl k\u00f6nnen Sie ganz einfach ein Modell w\u00e4hlen, das Ihren speziellen Anforderungen entspricht, ohne Kompromisse bei Leistung oder Ger\u00e4uschpegel einzugehen.<\/p><p><strong>Warum Greendiscounter w\u00e4hlen?<\/strong><br \/>Greendiscounter ist der Online-Growshop f\u00fcr Z\u00fcchter, die auf der Suche nach hochwertigen Produkten zu fairen Preisen sind. Unser Sortiment an Abluftk\u00e4sten aus MDF, Schaumstoff und Metall entspricht den h\u00f6chsten Qualit\u00e4tsstandards und bietet Optionen in Kapazit\u00e4t, Material und Motorarten. Mit unserer gro\u00dfen Auswahl und fachkundiger Beratung helfen wir Ihnen gerne, den passenden Abluftkasten f\u00fcr Ihre Anbauanforderungen zu finden.<\/p><p>W\u00e4hlen Sie f\u00fcr zuverl\u00e4ssige und leise Luftzirkulation die Abluftk\u00e4sten von Greendiscounter und optimieren Sie Ihre Anbauumgebung<\/p>\t\t\t\t\t\t\t\t<\/div>\n\t\t\t\t<\/div>\n\t\t\t\t\t<\/div>\n\t\t\t\t<\/div>\n\t\t\t\t<\/div>\n\t\t","protected":false},"excerpt":{"rendered":"<p>Entdecken Sie die Abluftk\u00e4sten von Greendiscounter f\u00fcr eine effiziente, leise Luftzirkulation, erh\u00e4ltlich in MDF, Schaumstoff und Metall, mit Kapazit\u00e4ten von<\/p>\n","protected":false},"author":1,"featured_media":0,"parent":0,"menu_order":0,"comment_status":"closed","ping_status":"closed","template":"","meta":{"footnotes":""},"class_list":["post-27405","page","type-page","status-publish","hentry"],"_links":{"self":[{"href":"https:\/\/greendisc.dev-project.digital\/de\/wp-json\/wp\/v2\/pages\/27405","targetHints":{"allow":["GET"]}}],"collection":[{"href":"https:\/\/greendisc.dev-project.digital\/de\/wp-json\/wp\/v2\/pages"}],"about":[{"href":"https:\/\/greendisc.dev-project.digital\/de\/wp-json\/wp\/v2\/types\/page"}],"author":[{"embeddable":true,"href":"https:\/\/greendisc.dev-project.digital\/de\/wp-json\/wp\/v2\/users\/1"}],"replies":[{"embeddable":true,"href":"https:\/\/greendisc.dev-project.digital\/de\/wp-json\/wp\/v2\/comments?post=27405"}],"version-history":[{"count":0,"href":"https:\/\/greendisc.dev-project.digital\/de\/wp-json\/wp\/v2\/pages\/27405\/revisions"}],"wp:attachment":[{"href":"https:\/\/greendisc.dev-project.digital\/de\/wp-json\/wp\/v2\/media?parent=27405"}],"curies":[{"name":"wp","href":"https:\/\/api.w.org\/{rel}","templated":true}]}}