 {"id":27364,"date":"2023-11-15T07:24:34","date_gmt":"2023-11-15T06:24:34","guid":{"rendered":"https:\/\/greendisc.dev-project.digital\/\/zahlungsmoeglichkeiten\/"},"modified":"2024-06-18T12:03:13","modified_gmt":"2024-06-18T10:03:13","slug":"zahlungsmoeglichkeiten","status":"publish","type":"page","link":"https:\/\/greendisc.dev-project.digital\/de\/zahlungsmoeglichkeiten\/","title":{"rendered":"Zahlungsm\u00f6glichkeiten"},"content":{"rendered":"\t\t<div data-elementor-type=\"wp-page\" data-elementor-id=\"27364\" class=\"elementor elementor-27364 elementor-20715\">\n\t\t\t\t<div class=\"wd-negative-gap elementor-element elementor-element-5e480be e-flex e-con-boxed e-con e-parent\" data-id=\"5e480be\" data-element_type=\"container\">\n\t\t\t\t\t<div class=\"e-con-inner\">\n\t\t<div class=\"wd-negative-gap elementor-element elementor-element-94fce79 e-flex e-con-boxed e-con e-child\" data-id=\"94fce79\" data-element_type=\"container\">\n\t\t\t\t\t<div class=\"e-con-inner\">\n\t\t\t\t<div class=\"elementor-element elementor-element-bd991a2 elementor-widget elementor-widget-wd_text_block\" data-id=\"bd991a2\" data-element_type=\"widget\" data-widget_type=\"wd_text_block.default\">\n\t\t\t\t<div class=\"elementor-widget-container\">\n\t\t\t\t\t\t\t<div class=\"wd-text-block reset-last-child text-left\">\n\t\t\t\n\t\t\t<header><h1 class=\"m20 false\">Zahlungsm\u00f6glichkeiten<\/h1><\/header><div><header class=\"page__header page__header--centered\"><h1 class=\"page__title heading h1\"><strong>Welche Online-Zahlungsmethoden kann ich bei Greendiscounter verwenden?<\/strong><\/h1><\/header><div class=\"page__content rte\">-Online k\u00f6nnen Sie bezahlen mit:<br><ul><li>iDEAL<\/li><li>Bancontact<\/li><li>Kreditkarte (wir akzeptieren Visa, Mastercard, Maestro, American Express)<\/li><li>PayPal<\/li><li>Klarna, Nachzahlung<\/li><\/ul><br><strong>Verf\u00fcgt Greendiscounter \u00fcber eine sichere Zahlungsumgebung?<\/strong><br>-Ja! Ihre Zahlung ist sicher. Ihre Transaktionsdaten werden verschl\u00fcsselt \u00fcber eine SSL-Verbindung gesendet. Wir speichern keine Kreditkartendaten. Wir haben auch keinen Zugang zu Informationen \u00fcber Ihre Kreditkarte.<br><br><strong>Muss ich f\u00fcr die R\u00fccksendung meiner Bestellung etwas bezahlen?<\/strong><br>-Das kommt darauf an.<br>Wenn das Produkt fehlerhaft oder besch\u00e4digt ist, erstatten wir auch die R\u00fccksendekosten. In dem unwahrscheinlichen Fall, dass das Produkt einfach nicht nach Ihrem Geschmack ist, wird der Kunde es selbst bezahlen. Lediglich die Kosten f\u00fcr die R\u00fccksendung von Ihnen nach Hause zum Online-Shop gehen dann zu Ihren eigenen Lasten. Diese Kosten belaufen sich auf etwa 7,25 pro Paket. Die genauen Tarife finden Sie auf der Website Ihres Versandunternehmens.  <br><br><strong>Wie schnell erhalte ich nach der R\u00fcckgabe eine R\u00fcckerstattung?<\/strong><br>-Wir erstatten Ihnen den f\u00e4lligen Betrag innerhalb von 14 Tagen nach Erhalt Ihrer R\u00fccksendung, sofern das Produkt bereits in einwandfreiem Zustand zur\u00fcckerhalten wurde.<\/div><\/div>\n\t\t\t\t\t<\/div>\n\t\t\t\t\t\t<\/div>\n\t\t\t\t<\/div>\n\t\t\t\t\t<\/div>\n\t\t\t\t<\/div>\n\t\t\t\t\t<\/div>\n\t\t\t\t<\/div>\n\t\t\t\t<\/div>\n\t\t","protected":false},"excerpt":{"rendered":"<p>Zahlungsm\u00f6glichkeiten Welche Online-Zahlungsmethoden kann ich bei Greendiscounter verwenden? -Online k\u00f6nnen Sie bezahlen mit: iDEAL Bancontact Kreditkarte (wir akzeptieren Visa, Mastercard,<\/p>\n","protected":false},"author":1,"featured_media":0,"parent":0,"menu_order":0,"comment_status":"closed","ping_status":"closed","template":"","meta":{"footnotes":""},"class_list":["post-27364","page","type-page","status-publish","hentry"],"_links":{"self":[{"href":"https:\/\/greendisc.dev-project.digital\/de\/wp-json\/wp\/v2\/pages\/27364","targetHints":{"allow":["GET"]}}],"collection":[{"href":"https:\/\/greendisc.dev-project.digital\/de\/wp-json\/wp\/v2\/pages"}],"about":[{"href":"https:\/\/greendisc.dev-project.digital\/de\/wp-json\/wp\/v2\/types\/page"}],"author":[{"embeddable":true,"href":"https:\/\/greendisc.dev-project.digital\/de\/wp-json\/wp\/v2\/users\/1"}],"replies":[{"embeddable":true,"href":"https:\/\/greendisc.dev-project.digital\/de\/wp-json\/wp\/v2\/comments?post=27364"}],"version-history":[{"count":0,"href":"https:\/\/greendisc.dev-project.digital\/de\/wp-json\/wp\/v2\/pages\/27364\/revisions"}],"wp:attachment":[{"href":"https:\/\/greendisc.dev-project.digital\/de\/wp-json\/wp\/v2\/media?parent=27364"}],"curies":[{"name":"wp","href":"https:\/\/api.w.org\/{rel}","templated":true}]}}