 {"id":27358,"date":"2023-11-15T07:29:08","date_gmt":"2023-11-15T06:29:08","guid":{"rendered":"https:\/\/greendisc.dev-project.digital\/\/versand-und-rueckgabe\/"},"modified":"2024-06-18T12:03:13","modified_gmt":"2024-06-18T10:03:13","slug":"versand-und-rueckgabe","status":"publish","type":"page","link":"https:\/\/greendisc.dev-project.digital\/de\/versand-und-rueckgabe\/","title":{"rendered":"Versand und R\u00fcckgabe"},"content":{"rendered":"\t\t<div data-elementor-type=\"wp-page\" data-elementor-id=\"27358\" class=\"elementor elementor-27358 elementor-20720\">\n\t\t\t\t<div class=\"wd-negative-gap elementor-element elementor-element-49547b4 e-flex e-con-boxed e-con e-parent\" data-id=\"49547b4\" data-element_type=\"container\">\n\t\t\t\t\t<div class=\"e-con-inner\">\n\t\t<div class=\"wd-negative-gap elementor-element elementor-element-540ec9c e-flex e-con-boxed e-con e-child\" data-id=\"540ec9c\" data-element_type=\"container\">\n\t\t\t\t\t<div class=\"e-con-inner\">\n\t\t\t\t<div class=\"elementor-element elementor-element-a05aa54 color-scheme-inherit text-left elementor-widget elementor-widget-text-editor\" data-id=\"a05aa54\" data-element_type=\"widget\" data-widget_type=\"text-editor.default\">\n\t\t\t\t<div class=\"elementor-widget-container\">\n\t\t\t\t\t\t\t\t\t<header>\n<h1 class=\"m20 false\">Versand und R\u00fcckgabe<\/h1>\n<\/header>\n<div>\n<p><strong>SENDEN:<br \/><\/strong><\/p>\n<p><strong>Innerhalb wie vieler Tage werde ich meine Bestellung erhalten?<\/strong><br \/>In den Niederlanden und in Deutschland wird Ihre Bestellung normalerweise innerhalb von 2 Werktagen versandt, in einigen F\u00e4llen kann dies jedoch bis zu 5 Tage dauern. F\u00fcr Belgien sind dies 7 Tage.<br \/>Das Paket wird per Paketpost oder Briefkastenpost zugestellt.<\/p>\n<p><strong><br \/>Versandkosten:<\/strong>Die folgenden Versandkosten gelten f\u00fcr die meisten Produkte auf unserer Website:<strong><\/strong><br \/>Die Versandkosten innerhalb der Niederlande und Deutschlands betragen \u20ac 7,95 f\u00fcr Bestellungen unter \u20ac 125<br \/>F\u00fcr Belgien gilt ein Preis von 9,95 \u20ac f\u00fcr Bestellungen unter 125 \u20ac.<\/p>\n<p>In den Niederlanden, Deutschland und Belgien ist der Versand ab einem Bestellwert von 125 \u20ac kostenlos!<\/p>\n<p>Wir verkaufen jedoch auch eine Reihe von Produkten, die zu gro\u00df und\/oder zu schwer f\u00fcr den regul\u00e4ren Postversand sind oder die einfach sehr zerbrechlich sind.<\/p>\n<p>Um dennoch eine schnelle und sorgf\u00e4ltige Lieferung zu gew\u00e4hrleisten, sind wir gezwungen, f\u00fcr diese Produkte einen separaten Versandtarif zu berechnen.<br \/>von 80 \u20ac  <\/p>\n<p><strong>Verfolgen und Aufsp\u00fcren<\/strong><br \/>Ihre Bestellung wird an die Adresse versandt, die Sie w\u00e4hrend des Bestellvorgangs angegeben haben.<br \/>Sobald Ihr Paket versandt wurde, erhalten Sie einen Track &amp; Trace-Code in Ihrem E-Mail-Posteingang, mit dem Sie Ihr Paket online verfolgen k\u00f6nnen.<\/p>\n<p><strong>In welche L\u00e4nder liefern wir?<\/strong><br \/>Sie k\u00f6nnen sich Ihre Bestellungen in Deutschland, den Niederlanden und Belgien liefern lassen.<\/p>\n<p><strong>R\u00dcCKGABE:<br \/><\/strong><br \/>R\u00fcckkehr:<br \/>Sie haben das Recht, Ihre Bestellung bis zu 14 Tage nach Erhalt ohne Angabe von Gr\u00fcnden zu widerrufen. Nach dem Widerruf haben Sie weitere 14 Tage Zeit, Ihr Produkt zur\u00fcckzugeben. Ihnen wird dann der gesamte Bestellbetrag einschlie\u00dflich der Versandkosten gutgeschrieben. Lediglich die Kosten f\u00fcr die R\u00fccksendung von Ihrem Wohnort zum Online-Shop gehen zu Ihren Lasten. Diese Kosten belaufen sich auf etwa 7,25 pro Paket. Die genauen Tarife finden Sie auf der Website Ihres Versandunternehmens.<br \/>Wenn Sie von Ihrem Widerrufsrecht Gebrauch machen, wird das Produkt mit allem gelieferten Zubeh\u00f6r und &#8211; wenn m\u00f6glich &#8211; in seinem urspr\u00fcnglichen Zustand und in der Originalverpackung an den Unternehmer zur\u00fcckgesandt. Um dieses Recht auszu\u00fcben, kontaktieren Sie uns bitte unter info@greendiscounter.de<br \/>Wir erstatten Ihnen dann den f\u00e4lligen Betrag innerhalb von 14 Tagen nach der Benachrichtigung \u00fcber Ihre R\u00fccksendung, sofern das Produkt bereits in einwandfreiem Zustand zur\u00fcckerhalten wurde.<\/p>\n<p>Umtausch:<br \/>Bevorzugen Sie immer noch ein anderes Produkt? Dies ist nur m\u00f6glich, wenn das Originalprodukt nicht wie gew\u00fcnscht funktioniert oder defekt ist. Ist das Produkt genau richtig, aber w\u00fcrden Sie ein anderes Produkt bevorzugen? Dann m\u00fcssen Sie das Originalprodukt zur\u00fcckschicken und selbst eine neue Bestellung auf unserer Website aufgeben.  <br \/>Selbstverst\u00e4ndlich wird der Kaufpreis des Originalprodukts zur\u00fcckerstattet, sobald es in einwandfreiem Zustand bei uns eingeht.  <\/p>\n<p>Die R\u00fccksendeadresse lautet:<br \/>Greendiscounter \/ Klimadeluxe<br \/>Wassenbergstra\u00dfe 36<br \/>46446 Emmerich<br \/>Deutschland<\/p>\n<p>Wenn Sie eine R\u00fccksendung w\u00fcnschen, benachrichtigen Sie sie bitte zuerst \u00fcber das unten stehende Formular und geben Sie in der Nachricht Folgendes an:<br \/>&#8211; Ihre Bestellnummer<br \/>&#8211; Das Kaufdatum<br \/>&#8211; Der Grund f\u00fcr die R\u00fcckgabe<\/p>\n<\/div>\n\t\t\t\t\t\t\t\t<\/div>\n\t\t\t\t<\/div>\n\t\t\t\t\t<\/div>\n\t\t\t\t<\/div>\n\t\t\t\t\t<\/div>\n\t\t\t\t<\/div>\n\t\t\t\t<\/div>\n\t\t","protected":false},"excerpt":{"rendered":"<p>Versand und R\u00fcckgabe SENDEN: Innerhalb wie vieler Tage werde ich meine Bestellung erhalten?In den Niederlanden und in Deutschland wird Ihre<\/p>\n","protected":false},"author":1,"featured_media":0,"parent":0,"menu_order":0,"comment_status":"closed","ping_status":"closed","template":"","meta":{"footnotes":""},"class_list":["post-27358","page","type-page","status-publish","hentry"],"_links":{"self":[{"href":"https:\/\/greendisc.dev-project.digital\/de\/wp-json\/wp\/v2\/pages\/27358","targetHints":{"allow":["GET"]}}],"collection":[{"href":"https:\/\/greendisc.dev-project.digital\/de\/wp-json\/wp\/v2\/pages"}],"about":[{"href":"https:\/\/greendisc.dev-project.digital\/de\/wp-json\/wp\/v2\/types\/page"}],"author":[{"embeddable":true,"href":"https:\/\/greendisc.dev-project.digital\/de\/wp-json\/wp\/v2\/users\/1"}],"replies":[{"embeddable":true,"href":"https:\/\/greendisc.dev-project.digital\/de\/wp-json\/wp\/v2\/comments?post=27358"}],"version-history":[{"count":0,"href":"https:\/\/greendisc.dev-project.digital\/de\/wp-json\/wp\/v2\/pages\/27358\/revisions"}],"wp:attachment":[{"href":"https:\/\/greendisc.dev-project.digital\/de\/wp-json\/wp\/v2\/media?parent=27358"}],"curies":[{"name":"wp","href":"https:\/\/api.w.org\/{rel}","templated":true}]}}