 {"id":27352,"date":"2023-11-15T07:34:58","date_gmt":"2023-11-15T06:34:58","guid":{"rendered":"https:\/\/greendisc.dev-project.digital\/\/haftungsausschluss\/"},"modified":"2024-06-18T12:03:13","modified_gmt":"2024-06-18T10:03:13","slug":"haftungsausschluss","status":"publish","type":"page","link":"https:\/\/greendisc.dev-project.digital\/de\/haftungsausschluss\/","title":{"rendered":"Haftungsausschluss"},"content":{"rendered":"\t\t<div data-elementor-type=\"wp-page\" data-elementor-id=\"27352\" class=\"elementor elementor-27352 elementor-20725\">\n\t\t\t\t<div class=\"wd-negative-gap elementor-element elementor-element-db3c83d e-flex e-con-boxed e-con e-parent\" data-id=\"db3c83d\" data-element_type=\"container\">\n\t\t\t\t\t<div class=\"e-con-inner\">\n\t\t<div class=\"wd-negative-gap elementor-element elementor-element-8ab0cb8 e-flex e-con-boxed e-con e-child\" data-id=\"8ab0cb8\" data-element_type=\"container\">\n\t\t\t\t\t<div class=\"e-con-inner\">\n\t\t\t\t<div class=\"elementor-element elementor-element-7a730c9 elementor-widget elementor-widget-wd_text_block\" data-id=\"7a730c9\" data-element_type=\"widget\" data-widget_type=\"wd_text_block.default\">\n\t\t\t\t<div class=\"elementor-widget-container\">\n\t\t\t\t\t\t\t<div class=\"wd-text-block reset-last-child text-left\">\n\t\t\t\n\t\t\t<header><h1 class=\"m20 false\">Haftungsausschluss<\/h1><\/header><div><p>Obwohl wir uns bem\u00fchen, genaue Informationen zu liefern, k\u00f6nnen wir nicht garantieren, dass der Inhalt dieser Website richtig und vollst\u00e4ndig ist. Verweise auf andere Websites dienen nur zur Information der Benutzer der Website. Wir sind nicht verantwortlich f\u00fcr den Inhalt oder die Verf\u00fcgbarkeit dieser Websites oder Ressourcen. Wir haften nicht f\u00fcr Sch\u00e4den, die durch Ungenauigkeiten oder Auslassungen auf dieser Website entstehen. Greendiscounter \/ Klimadeluxe GmbH beh\u00e4lt sich das Recht vor, die Informationen auf dieser Website ohne vorherige Ank\u00fcndigung oder Benachrichtigung zu \u00e4ndern.<\/p><p>Wenn Sie Fragen oder Anmerkungen haben, kontaktieren Sie uns bitte unter <a href=\"mailto:info@greendiscounter.de\">info@greendiscounter.de<\/a><\/p><\/div>\n\t\t\t\t\t<\/div>\n\t\t\t\t\t\t<\/div>\n\t\t\t\t<\/div>\n\t\t\t\t\t<\/div>\n\t\t\t\t<\/div>\n\t\t\t\t\t<\/div>\n\t\t\t\t<\/div>\n\t\t\t\t<\/div>\n\t\t","protected":false},"excerpt":{"rendered":"<p>Haftungsausschluss Obwohl wir uns bem\u00fchen, genaue Informationen zu liefern, k\u00f6nnen wir nicht garantieren, dass der Inhalt dieser Website richtig und<\/p>\n","protected":false},"author":1,"featured_media":0,"parent":0,"menu_order":0,"comment_status":"closed","ping_status":"closed","template":"","meta":{"footnotes":""},"class_list":["post-27352","page","type-page","status-publish","hentry"],"_links":{"self":[{"href":"https:\/\/greendisc.dev-project.digital\/de\/wp-json\/wp\/v2\/pages\/27352","targetHints":{"allow":["GET"]}}],"collection":[{"href":"https:\/\/greendisc.dev-project.digital\/de\/wp-json\/wp\/v2\/pages"}],"about":[{"href":"https:\/\/greendisc.dev-project.digital\/de\/wp-json\/wp\/v2\/types\/page"}],"author":[{"embeddable":true,"href":"https:\/\/greendisc.dev-project.digital\/de\/wp-json\/wp\/v2\/users\/1"}],"replies":[{"embeddable":true,"href":"https:\/\/greendisc.dev-project.digital\/de\/wp-json\/wp\/v2\/comments?post=27352"}],"version-history":[{"count":0,"href":"https:\/\/greendisc.dev-project.digital\/de\/wp-json\/wp\/v2\/pages\/27352\/revisions"}],"wp:attachment":[{"href":"https:\/\/greendisc.dev-project.digital\/de\/wp-json\/wp\/v2\/media?parent=27352"}],"curies":[{"name":"wp","href":"https:\/\/api.w.org\/{rel}","templated":true}]}}