 {"id":27336,"date":"2023-11-15T07:39:24","date_gmt":"2023-11-15T06:39:24","guid":{"rendered":"https:\/\/greendisc.dev-project.digital\/\/datenschutzbestimmungen\/"},"modified":"2024-06-18T12:03:04","modified_gmt":"2024-06-18T10:03:04","slug":"datenschutzbestimmungen","status":"publish","type":"page","link":"https:\/\/greendisc.dev-project.digital\/de\/datenschutzbestimmungen\/","title":{"rendered":"Datenschutzbestimmungen"},"content":{"rendered":"\t\t<div data-elementor-type=\"wp-page\" data-elementor-id=\"27336\" class=\"elementor elementor-27336 elementor-20735\">\n\t\t\t\t<div class=\"wd-negative-gap elementor-element elementor-element-ad33331 e-flex e-con-boxed e-con e-parent\" data-id=\"ad33331\" data-element_type=\"container\">\n\t\t\t\t\t<div class=\"e-con-inner\">\n\t\t\t\t<div class=\"elementor-element elementor-element-7f56799 elementor-widget elementor-widget-wd_text_block\" data-id=\"7f56799\" data-element_type=\"widget\" data-widget_type=\"wd_text_block.default\">\n\t\t\t\t<div class=\"elementor-widget-container\">\n\t\t\t\t\t\t\t<div class=\"wd-text-block reset-last-child text-left\">\n\t\t\t\n\t\t\t<header><h1 class=\"m20 false\">Datenschutzbestimmungen<\/h1><\/header><div><p><b><br>Datenschutzrichtlinie Greendiscounter.de<\/b>https:\/\/www.greendiscounter.de<b><\/b><\/p><p><b><br><\/b><b>1) \u00dcber unsere Datenschutzrichtlinie<\/b><br>Greendiscounter.de legt gro\u00dfen Wert auf Ihre Privatsph\u00e4re. Wir verarbeiten daher nur Daten, die wir f\u00fcr die (Verbesserung) unserer Dienste ben\u00f6tigen, und behandeln die Informationen, die wir \u00fcber Sie und Ihre Nutzung unserer Dienste gesammelt haben, mit Sorgfalt. Wir geben Ihre Daten niemals zu kommerziellen Zwecken an Dritte weiter.<\/p><p>Diese Datenschutzerkl\u00e4rung gilt f\u00fcr die Nutzung der Website und der darauf abrufbaren Dienste von Greendiscounter.de. Der Stichtag f\u00fcr die G\u00fcltigkeit dieser Bedingungen ist der 05\/07\/2021, mit der Ver\u00f6ffentlichung einer neuen Version erlischt die G\u00fcltigkeit aller vorherigen Versionen.<br><br>Diese Datenschutzrichtlinie beschreibt, welche Daten \u00fcber Sie von uns erfasst werden, wof\u00fcr diese Daten verwendet werden und mit wem und unter welchen Bedingungen diese Daten gegebenenfalls an Dritte weitergegeben werden k\u00f6nnen. Wir erkl\u00e4ren Ihnen auch, wie wir Ihre Daten speichern und wie wir Ihre Daten vor Missbrauch sch\u00fctzen, und welche Rechte Sie in Bezug auf die pers\u00f6nlichen Daten haben, die Sie uns zur Verf\u00fcgung stellen.<\/p><p>Wenn Sie Fragen zu unseren Datenschutzbestimmungen haben, wenden Sie sich bitte an unseren Ansprechpartner f\u00fcr den Datenschutz. Die Kontaktdaten finden Sie am Ende unserer Datenschutzbestimmungen.<br><br><b>2) \u00dcber die Datenverarbeitung<\/b><\/p><p>Im Folgenden k\u00f6nnen Sie nachlesen, wie wir Ihre Daten verarbeiten, wo wir sie speichern (oder speichern lassen), welche Sicherheitstechniken wir verwenden und f\u00fcr wen die Daten einsehbar sind.<br><br><b>Webshop-Software<\/b><br>Unser Online-Shop wurde mit der Software Shopify entwickelt. Pers\u00f6nliche Daten, die Sie uns f\u00fcr die Zwecke unserer Dienstleistungen zur Verf\u00fcgung stellen, werden mit dieser Partei geteilt. Shopify hat Zugriff auf Ihre Daten, um uns (technischen) Support zu leisten. Shopify wird Ihre Daten niemals f\u00fcr andere Zwecke verwenden. Shopify<\/p><p>ist gem\u00e4\u00df der Vereinbarung, die wir mit ihnen haben, verpflichtet, angemessene Sicherheitsma\u00dfnahmen zu ergreifen. Zu diesen Sicherheitsma\u00dfnahmen geh\u00f6ren die Verwendung von SSL-Verschl\u00fcsselung und eine strenge Passwortpolitik. Shopify ist ein zertifizierter Verarbeiter von Kreditkartendaten. Shopify verwendet Cookies, um technische Informationen in Bezug auf Ihre Nutzung der Software zu sammeln, keine<\/p><p>gesammelten und\/oder gespeicherten pers\u00f6nlichen Daten. Shopify beh\u00e4lt sich das Recht vor, gesammelte Daten innerhalb der eigenen Gruppe weiterzugeben, um seine Dienste weiter zu verbessern. Shopify ber\u00fccksichtigt die geltenden gesetzlichen Aufbewahrungsfristen f\u00fcr (pers\u00f6nliche) Daten. Da das EU\/US Privacy Shield gilt, k\u00f6nnen Ihre Daten in den Vereinigten Staaten verarbeitet werden.<\/p><p><b>E-Mail und Mailinglisten<\/b><b><br><\/b>Unsere Website nutzt MailChimp, einen Drittanbieterdienst, der den E-Mail-Verkehr von unserer Website und den Versand von Newslettern abwickelt. Alle Best\u00e4tigungs-E-Mails, die Sie von unserer Website und unseren Webformularen erhalten, werden \u00fcber die Server von MailChimp gesendet. MailChimp wird niemals Ihren Namen und Ihre E-Mail-Adresse verwenden.<\/p><p>f\u00fcr ihre eigenen Zwecke verwenden. Am Ende jeder E-Mail, die automatisch \u00fcber unsere Website verschickt wird, finden Sie den Link 'Abbestellen'. Wenn Sie auf diese Schaltfl\u00e4che klicken, erhalten Sie keine E-Mails mehr von unserer Website. Dies kann die Funktionalit\u00e4t unserer Website erheblich beeintr\u00e4chtigen! Ihre pers\u00f6nlichen Daten werden von MailChimp sicher gespeichert. MailChimp verwendet Cookies und andere Internettechnologien, die Aufschluss dar\u00fcber geben, ob E-Mails ge\u00f6ffnet und gelesen werden. MailChimp beh\u00e4lt sich das Recht vor, Ihre Daten zu nutzen, um seinen Service weiter zu verbessern und in diesem Rahmen Informationen an Dritte weiterzugeben.<br><br><b><br>E-Mail-Verkehr<\/b>Wir nutzen die Dienste von Gmail f\u00fcr unseren regelm\u00e4\u00dfigen gesch\u00e4ftlichen E-Mail-Verkehr.<b><\/b> Diese Partei hat angemessene technische und organisatorische Ma\u00dfnahmen getroffen, um Missbrauch, Verlust und Verf\u00e4lschung Ihrer und unserer Daten so weit wie m\u00f6glich zu verhindern. Gmail hat keinen Zugriff auf unseren Posteingang und wir behandeln unseren gesamten E-Mail-Verkehr vertraulich.<br><br><b><br>Zahlungsabwickler<\/b>Zur Abwicklung (eines Teils) der Zahlungen in unserem Online-Shop verwenden wir die Plattform von Shopify Payments.<b><\/b> Shopify Payments verarbeitet Ihren Namen, Ihre Adresse und Ihren Wohnort sowie Ihre Zahlungsdaten wie Ihre Bankverbindung oder Kreditkartennummer. Shopify Payments hat angemessene technische und organisatorische Ma\u00dfnahmen ergriffen, um Ihre pers\u00f6nlichen Daten zu sch\u00fctzen. Shopify Payments beh\u00e4lt sich das Recht vor, Ihre Daten zu nutzen, um den Service weiter zu verbessern und in diesem Rahmen (anonymisierte) Daten an Dritte weiterzugeben. Shopify Payments gibt pers\u00f6nliche Daten und Informationen \u00fcber Ihre finanzielle Situation an Kreditauskunfteien weiter, wenn Sie einen Zahlungsaufschub beantragen (Kreditrahmen). Alle oben genannten Sicherheitsvorkehrungen zum Schutz Ihrer pers\u00f6nlichen Daten gelten auch f\u00fcr die Teile der Dienstleistungen von Shopify Payments, f\u00fcr die das Unternehmen Dritte beauftragt hat. Shopify Payments wird Ihre Daten nicht l\u00e4nger aufbewahren, als es die gesetzlichen Fristen erlauben.<\/p><br><p><b><br>Versand und Logistik<\/b>Wenn Sie eine Bestellung bei uns aufgeben, ist es unsere Aufgabe, Ihr Paket zu Ihnen zu bringen.<b><\/b> Wir nutzen die Dienste von PostNL und DPD f\u00fcr die Lieferung. Dazu m\u00fcssen wir Ihren Namen, Ihre Adresse und Ihren Wohnort an PostNL und DPD weitergeben. PostNL und DPD verwenden diese Daten nur zum Zweck der Ausf\u00fchrung des Vertrags. F\u00fcr den Fall, dass PostNL oder DPD Subunternehmer einsetzt, wird PostNL Ihre Daten auch diesen Parteien zur Verf\u00fcgung stellen.<br><br><b><br>Rechnungsstellung und Buchhaltung<\/b>Wir nutzen die Dienste von Snelstart, um unsere Aufzeichnungen und Konten zu f\u00fchren.<b><\/b> Wir geben Ihren Namen, Ihre Adresse und Ihren Wohnort sowie Angaben zu Ihrer Bestellung weiter. Diese Daten werden zur Verwaltung von Verkaufsrechnungen verwendet. Ihre pers\u00f6nlichen Daten werden auf gesch\u00fctzte Weise \u00fcbermittelt und gespeichert. Snelstart ist zur Vertraulichkeit verpflichtet und wird Ihre Daten vertraulich behandeln. Snelstart verwendet Ihre pers\u00f6nlichen Daten nicht f\u00fcr andere als die oben beschriebenen Zwecke.<\/p><br><p><b>3) Zweck der Datenverarbeitung<\/b><\/p><p>Wir verwenden Ihre Daten ausschlie\u00dflich f\u00fcr die Zwecke unserer Dienstleistungen. Das hei\u00dft, der Zweck der Verarbeitung steht immer in direktem Zusammenhang mit der von Ihnen gestellten Aufgabe. Wir verwenden Ihre Daten nicht f\u00fcr (gezieltes) Marketing. Wenn Sie uns Daten mitteilen und wir diese Daten verwenden, um Sie zu einem sp\u00e4teren Zeitpunkt zu kontaktieren - au\u00dfer auf Ihren Wunsch hin -, werden wir Sie um Ihre ausdr\u00fcckliche Zustimmung bitten. Ihr<\/p><p>Die Daten werden nicht an Dritte weitergegeben, es sei denn, um buchhalterischen und anderen administrativen Verpflichtungen nachzukommen. Diese Dritten sind alle aufgrund einer Vereinbarung zwischen ihnen und uns oder aufgrund eines Eides oder einer gesetzlichen Verpflichtung zur Vertraulichkeit verpflichtet.<\/p><p><br><b><br>Automatisch erfasste Daten<\/b>Die von unserer Website automatisch erfassten Daten werden mit dem Ziel verarbeitet, unsere Dienste weiter zu verbessern.<b><\/b> Diese Daten (z.B. Ihre IP-Adresse, Ihr Webbrowser und Ihr Betriebssystem) sind keine personenbezogenen Daten.<\/p><p><br><b><br>Zusammenarbeit mit Steuer- und Strafermittlungen<\/b>Gegebenenfalls kann Instavoordeel.nl gesetzlich verpflichtet sein, Ihre Daten im Zusammenhang mit staatlichen Steuer- oder Strafermittlungen weiterzugeben.<b><\/b> In einem solchen Fall sind wir gezwungen, Ihre Daten weiterzugeben, aber wir werden uns im Rahmen der gesetzlichen M\u00f6glichkeiten dagegen wehren.<\/p><p><br><b><br>Aufbewahrungsfristen<\/b>Wir werden Ihre Daten so lange aufbewahren, wie Sie unser Kunde sind.<b><\/b> Das bedeutet, dass wir Ihr Kundenprofil so lange aufbewahren, bis Sie angeben, dass Sie unsere Dienste nicht mehr nutzen m\u00f6chten. Wenn Sie uns darauf hinweisen, werden wir auch dies als Vergessensantrag werten. Aufgrund geltender verwaltungstechnischer Verpflichtungen m\u00fcssen wir Rechnungen, die Ihre (personenbezogenen) Daten enthalten, aufbewahren, so dass wir diese Daten so lange aufbewahren, wie die entsprechende Frist l\u00e4uft. Die Mitarbeiter haben jedoch keinen Zugriff mehr auf Ihr Kundenprofil und die Dokumente, die wir aufgrund Ihrer Bestellung erstellt haben.<\/p><p><br><b><br>4) Ihre Rechte<\/b>Nach geltendem niederl\u00e4ndischen und europ\u00e4ischen Recht haben Sie als betroffene Person bestimmte Rechte in Bezug auf personenbezogene Daten, die von uns oder in unserem Auftrag verarbeitet werden.<b><\/b> Im Folgenden erkl\u00e4ren wir, was diese Rechte sind und wie Sie sie geltend machen k\u00f6nnen. Um Missbrauch vorzubeugen, senden wir Kopien und Abschriften Ihrer Daten grunds\u00e4tzlich nur an Ihre uns bereits bekannte E-Mail-Adresse. F\u00fcr den Fall, dass Sie die<\/p><p>Daten an eine andere E-Mail-Adresse oder z.B. per Post senden, werden wir Sie bitten, sich zu identifizieren. Wir f\u00fchren Aufzeichnungen \u00fcber abgeschlossene Anfragen, im Falle einer vergessenen Anfrage verwalten wir anonymisierte Daten. Sie erhalten alle Abschriften und Kopien der Daten in dem maschinenlesbaren Datenformat, das wir in unseren Systemen verwenden. Sie haben das Recht, sich jederzeit bei der Datenschutzbeh\u00f6rde zu beschweren, wenn Sie den Verdacht haben, dass wir Ihre personenbezogenen Daten in unangemessener Weise verwenden.<br><br><b><br>Recht auf Einsichtnahme<\/b>Sie haben jederzeit das Recht auf Einsichtnahme in die Daten, die wir verarbeiten (oder haben verarbeiten lassen) und die sich auf Ihre Person beziehen oder zu ihr zur\u00fcckverfolgt werden k\u00f6nnen.<b><\/b> Sie k\u00f6nnen eine entsprechende Anfrage an unseren Ansprechpartner f\u00fcr Datenschutz stellen. Sie erhalten dann innerhalb von 30 Tagen eine Antwort auf Ihren Antrag. Wenn Ihrem Antrag stattgegeben wird, senden wir Ihnen an die uns bekannte E-Mail-Adresse eine Kopie aller Daten mit einer Liste der Verarbeiter, die \u00fcber diese Daten verf\u00fcgen, unter Angabe der Kategorie, unter der wir sie gespeichert haben.<br><br><b><br>Recht auf Berichtigung<\/b>Sie haben immer das Recht, die von uns verarbeiteten (oder verarbeiteten) Daten, die sich auf Ihre Person beziehen oder auf Sie zur\u00fcckgef\u00fchrt werden k\u00f6nnen, berichtigen zu lassen.<b><\/b> Sie k\u00f6nnen eine entsprechende Anfrage an unseren Ansprechpartner f\u00fcr Datenschutz stellen. Sie erhalten dann innerhalb von 30 Tagen eine Antwort auf Ihren Antrag. Wenn Ihrem Antrag stattgegeben wird, senden wir Ihnen eine Best\u00e4tigung an die uns bekannte E-Mail-Adresse, dass die Daten aktualisiert wurden.<br><br><b><br>Recht auf Einschr\u00e4nkung der Verarbeitung<\/b>Sie haben immer das Recht, die Daten einzuschr\u00e4nken, die wir verarbeiten (oder haben verarbeiten lassen) und die sich auf Ihre Person beziehen oder auf sie zur\u00fcckgef\u00fchrt werden k\u00f6nnen.<b><\/b> Sie k\u00f6nnen eine entsprechende Anfrage an unseren Ansprechpartner f\u00fcr Datenschutz stellen. Sie erhalten dann innerhalb von 30 Tagen eine Antwort auf Ihren Antrag. Wenn Ihrem Antrag stattgegeben wird, senden wir Ihnen eine Best\u00e4tigung an die uns bekannte E-Mail-Adresse, dass die Daten nicht mehr verarbeitet werden, bis Sie die Einschr\u00e4nkung aufheben.<br><br><b><br>Recht auf \u00dcbertragbarkeit<\/b>Sie haben immer das Recht, die Daten, die wir verarbeiten (oder verarbeiten lassen) und die sich auf Ihre Person beziehen oder zu Ihnen zur\u00fcckverfolgt werden k\u00f6nnen, von einer anderen Partei ausf\u00fchren zu lassen.<b><\/b> Sie k\u00f6nnen eine entsprechende Anfrage an unseren Ansprechpartner f\u00fcr Datenschutz stellen. Sie erhalten dann innerhalb von 30 Tagen eine Antwort auf Ihren Antrag. Wenn Ihrem Antrag stattgegeben wird, senden wir Ihnen an die uns bekannte E-Mail-Adresse Kopien oder Kopien n aller Daten \u00fcber Sie, die wir verarbeitet haben oder in unserem Auftrag von anderen Verarbeitern oder Dritten verarbeiten lassen. Aller Wahrscheinlichkeit nach k\u00f6nnen wir in einem solchen Fall unsere Dienste nicht mehr anbieten, da eine sichere Verkn\u00fcpfung der Dateien nicht mehr gew\u00e4hrleistet werden kann.<br><br><b><br>Widerspruchsrecht und andere Rechte<\/b>Sie haben gegebenenfalls das Recht, der Verarbeitung Ihrer personenbezogenen Daten durch oder im Namen von Greendiscounter.de zu widersprechen.<b><\/b> Wenn Sie Einspruch erheben, werden wir die Datenverarbeitung unverz\u00fcglich einstellen, bis Ihr Einspruch gekl\u00e4rt ist. Wenn Ihr Widerspruch begr\u00fcndet ist, werden wir Ihnen Kopien und\/oder Abschriften der Daten, die wir verarbeiten (oder verarbeitet haben), zur Verf\u00fcgung stellen und danach die Verarbeitung endg\u00fcltig einstellen. Sie haben auch das Recht, nicht einer automatisierten individuellen Entscheidungsfindung oder einem Profiling unterworfen zu werden. Wir verarbeiten Ihre Daten nicht in einer Weise, dass dieses Recht greift. Wenn Sie glauben, dass dies der Fall ist, wenden Sie sich bitte an unseren Datenschutzbeauftragten.<br><br><b><br>Cookies<\/b>Auf unserer Website werden im Rahmen des Dienstes \"Analytics\" Cookies von dem US-amerikanischen Unternehmen Google gesetzt.<b><\/b> Wir verwenden diesen Dienst, um zu verfolgen und Berichte dar\u00fcber zu erhalten, wie Besucher die Website nutzen. Dieser Auftragsverarbeiter kann durch geltende Gesetze und Vorschriften dazu verpflichtet sein, Zugang zu diesen Daten zu gew\u00e4hren. Wir haben Google nicht gestattet, die erhaltenen Analysedaten f\u00fcr andere Google-Dienste zu verwenden.<br><br><b><br>Cookies von Drittanbietern<\/b>F\u00fcr den Fall, dass Softwarel\u00f6sungen von Drittanbietern Cookies verwenden, wurde dies in dieser Datenschutzerkl\u00e4rung angegeben.<b><\/b><br><br><b><br>\u00c4nderungen der Datenschutzbestimmungen<\/b>Wir behalten uns das Recht vor, unsere Datenschutzbestimmungen jederzeit zu \u00e4ndern.<b><\/b> Auf dieser Seite finden Sie jedoch immer die aktuellste Version. Wenn sich die neue Datenschutzrichtlinie auf die Art und Weise auswirkt, wie wir bereits \u00fcber Sie erfasste Daten verarbeiten, werden wir Sie per E-Mail benachrichtigen.<\/p><p><br><b>5) Kontaktinformationen<\/b><\/p><p>Greendiscounter.de (Teil der Klimadeluxe GmbH)<br>Wassenbergstra\u00dfe 36<br>46446 Emmerich am Rhein<br>Deutschland<br><br>Kontakt f\u00fcr Datenschutzfragen:<br>Elmer van de Vlasakker<br>elmer@klimadeluxe.eu<\/p><\/div>\n\t\t\t\t\t<\/div>\n\t\t\t\t\t\t<\/div>\n\t\t\t\t<\/div>\n\t\t\t\t\t<\/div>\n\t\t\t\t<\/div>\n\t\t\t\t<\/div>\n\t\t","protected":false},"excerpt":{"rendered":"<p>Datenschutzbestimmungen Datenschutzrichtlinie Greendiscounter.dehttps:\/\/www.greendiscounter.de 1) \u00dcber unsere DatenschutzrichtlinieGreendiscounter.de legt gro\u00dfen Wert auf Ihre Privatsph\u00e4re. Wir verarbeiten daher nur Daten, die wir<\/p>\n","protected":false},"author":1,"featured_media":0,"parent":0,"menu_order":0,"comment_status":"closed","ping_status":"closed","template":"","meta":{"footnotes":""},"class_list":["post-27336","page","type-page","status-publish","hentry"],"_links":{"self":[{"href":"https:\/\/greendisc.dev-project.digital\/de\/wp-json\/wp\/v2\/pages\/27336","targetHints":{"allow":["GET"]}}],"collection":[{"href":"https:\/\/greendisc.dev-project.digital\/de\/wp-json\/wp\/v2\/pages"}],"about":[{"href":"https:\/\/greendisc.dev-project.digital\/de\/wp-json\/wp\/v2\/types\/page"}],"author":[{"embeddable":true,"href":"https:\/\/greendisc.dev-project.digital\/de\/wp-json\/wp\/v2\/users\/1"}],"replies":[{"embeddable":true,"href":"https:\/\/greendisc.dev-project.digital\/de\/wp-json\/wp\/v2\/comments?post=27336"}],"version-history":[{"count":0,"href":"https:\/\/greendisc.dev-project.digital\/de\/wp-json\/wp\/v2\/pages\/27336\/revisions"}],"wp:attachment":[{"href":"https:\/\/greendisc.dev-project.digital\/de\/wp-json\/wp\/v2\/media?parent=27336"}],"curies":[{"name":"wp","href":"https:\/\/api.w.org\/{rel}","templated":true}]}}